{"id":217119,"date":"2026-03-04T03:42:52","date_gmt":"2026-03-04T02:42:52","guid":{"rendered":"https:\/\/grupotextil.es\/producto\/vaso-de-cristal-sublimacion-stamina-puket-4148\/"},"modified":"2026-03-04T06:15:26","modified_gmt":"2026-03-04T05:15:26","slug":"vaso-de-cristal-sublimacion-stamina-puket-4148","status":"publish","type":"product","link":"https:\/\/grupotextil.es\/ca\/product\/vaso-de-cristal-sublimacion-stamina-puket-4148\/","title":{"rendered":"Vaso de Cristal Sublimaci\u00f3n Stamina Puket 4148"},"content":{"rendered":"<p>Vaso de cristal borosilicato efecto hielo especial sublimaci\u00f3n. Personaliza tu vaso con un dise\u00f1o creativo. Capacidad 330 ml.<\/p>","protected":false},"excerpt":{"rendered":"<p>Vaso de cristal borosilicato efecto hielo especial sublimaci\u00f3n. Personaliza tu vaso con un dise\u00f1o creativo. Capacidad 330 ml.<\/p>","protected":false},"featured_media":217120,"comment_status":"open","ping_status":"closed","template":"","meta":{"_acf_changed":false},"product_brand":[14012],"product_cat":[13958,14006,13971],"product_tag":[],"class_list":{"0":"post-217119","1":"product","2":"type-product","3":"status-publish","4":"has-post-thumbnail","6":"product_brand-stamina","7":"product_cat-mr-botellas-y-termos","8":"product_cat-acc-merchandising","9":"product_cat-mr-tazas","10":"tm-no-options","12":"first","13":"instock","14":"taxable","15":"shipping-taxable","16":"product-type-variable"},"acf":[],"_links":{"self":[{"href":"https:\/\/grupotextil.es\/ca\/wp-json\/wp\/v2\/product\/217119","targetHints":{"allow":["GET"]}}],"collection":[{"href":"https:\/\/grupotextil.es\/ca\/wp-json\/wp\/v2\/product"}],"about":[{"href":"https:\/\/grupotextil.es\/ca\/wp-json\/wp\/v2\/types\/product"}],"replies":[{"embeddable":true,"href":"https:\/\/grupotextil.es\/ca\/wp-json\/wp\/v2\/comments?post=217119"}],"wp:featuredmedia":[{"embeddable":true,"href":"https:\/\/grupotextil.es\/ca\/wp-json\/wp\/v2\/media\/217120"}],"wp:attachment":[{"href":"https:\/\/grupotextil.es\/ca\/wp-json\/wp\/v2\/media?parent=217119"}],"wp:term":[{"taxonomy":"product_brand","embeddable":true,"href":"https:\/\/grupotextil.es\/ca\/wp-json\/wp\/v2\/product_brand?post=217119"},{"taxonomy":"product_cat","embeddable":true,"href":"https:\/\/grupotextil.es\/ca\/wp-json\/wp\/v2\/product_cat?post=217119"},{"taxonomy":"product_tag","embeddable":true,"href":"https:\/\/grupotextil.es\/ca\/wp-json\/wp\/v2\/product_tag?post=217119"}],"curies":[{"name":"wp","href":"https:\/\/api.w.org\/{rel}","templated":true}]}}