{"id":217141,"date":"2026-03-04T03:43:16","date_gmt":"2026-03-04T02:43:16","guid":{"rendered":"https:\/\/grupotextil.es\/producto\/outlet-camiseta-tecnica-roly-jada-6667-mujer\/"},"modified":"2026-03-04T06:15:26","modified_gmt":"2026-03-04T05:15:26","slug":"outlet-camiseta-tecnica-roly-jada-6667-mujer","status":"publish","type":"product","link":"https:\/\/grupotextil.es\/ca\/product\/outlet-camiseta-tecnica-roly-jada-6667-mujer\/","title":{"rendered":"*OUTLET* Camiseta T\u00e9cnica Roly Jada 6667 Mujer"},"content":{"rendered":"<p><strong>PRODUCTO QUE SE DESCATALOGAR\u00c1 CUANDO SE AGOTEN LAS EXISTENCIAS \u2013<\/strong> Camiseta t\u00e9cnica multideporte para mujer con manga rangl\u00e1n. Cuello pico. Tejido poli\u00e9ster con tacto algod\u00f3n. Corte entallado. Bajo con forma curva. Costuras overlock a tono en bajo y mangas. Logo Roly reflectante en bajo lateral izquierdo.<\/p>","protected":false},"excerpt":{"rendered":"<p><strong>PRODUCTO QUE SE DESCATALOGAR\u00c1 CUANDO SE AGOTEN LAS EXISTENCIAS \u2013<\/strong> Camiseta t\u00e9cnica multideporte para mujer con manga rangl\u00e1n. Cuello pico. Tejido poli\u00e9ster con tacto algod\u00f3n. Corte entallado. Bajo con forma curva. Costuras overlock a tono en bajo y mangas. Logo Roly reflectante en bajo lateral izquierdo.<\/p>","protected":false},"featured_media":217142,"comment_status":"open","ping_status":"closed","template":"","meta":{"_acf_changed":false},"product_brand":[14011],"product_cat":[13974,13975,13973],"product_tag":[],"class_list":{"0":"post-217141","1":"product","2":"type-product","3":"status-publish","4":"has-post-thumbnail","6":"product_brand-roly","7":"product_cat-ropa-hombre","8":"product_cat-ropa-mujer","9":"product_cat-ropa","10":"tm-no-options","12":"first","13":"instock","14":"taxable","15":"shipping-taxable","16":"product-type-variable"},"acf":[],"_links":{"self":[{"href":"https:\/\/grupotextil.es\/ca\/wp-json\/wp\/v2\/product\/217141","targetHints":{"allow":["GET"]}}],"collection":[{"href":"https:\/\/grupotextil.es\/ca\/wp-json\/wp\/v2\/product"}],"about":[{"href":"https:\/\/grupotextil.es\/ca\/wp-json\/wp\/v2\/types\/product"}],"replies":[{"embeddable":true,"href":"https:\/\/grupotextil.es\/ca\/wp-json\/wp\/v2\/comments?post=217141"}],"wp:featuredmedia":[{"embeddable":true,"href":"https:\/\/grupotextil.es\/ca\/wp-json\/wp\/v2\/media\/217142"}],"wp:attachment":[{"href":"https:\/\/grupotextil.es\/ca\/wp-json\/wp\/v2\/media?parent=217141"}],"wp:term":[{"taxonomy":"product_brand","embeddable":true,"href":"https:\/\/grupotextil.es\/ca\/wp-json\/wp\/v2\/product_brand?post=217141"},{"taxonomy":"product_cat","embeddable":true,"href":"https:\/\/grupotextil.es\/ca\/wp-json\/wp\/v2\/product_cat?post=217141"},{"taxonomy":"product_tag","embeddable":true,"href":"https:\/\/grupotextil.es\/ca\/wp-json\/wp\/v2\/product_tag?post=217141"}],"curies":[{"name":"wp","href":"https:\/\/api.w.org\/{rel}","templated":true}]}}