{"id":217226,"date":"2026-03-04T03:43:32","date_gmt":"2026-03-04T02:43:32","guid":{"rendered":"https:\/\/grupotextil.es\/producto\/calcetines-roly-kalox-0381-unisex\/"},"modified":"2026-03-04T06:15:27","modified_gmt":"2026-03-04T05:15:27","slug":"calcetines-roly-kalox-0381-unisex","status":"publish","type":"product","link":"https:\/\/grupotextil.es\/ca\/product\/calcetines-roly-kalox-0381-unisex\/","title":{"rendered":"Calcetines Roly Kalox 0381 Unisex"},"content":{"rendered":"<p>Calcet\u00edn media ca\u00f1a sublimable. Tal\u00f3n y puntera en color negro. Tejido tacto algod\u00f3n.<\/p>","protected":false},"excerpt":{"rendered":"<p>Calcet\u00edn media ca\u00f1a sublimable. Tal\u00f3n y puntera en color negro. Tejido tacto algod\u00f3n.<\/p>","protected":false},"featured_media":217227,"comment_status":"open","ping_status":"closed","template":"","meta":{"_acf_changed":false},"product_brand":[14011],"product_cat":[13948],"product_tag":[],"class_list":{"0":"post-217226","1":"product","2":"type-product","3":"status-publish","4":"has-post-thumbnail","6":"product_brand-roly","7":"product_cat-accesorios","8":"tm-no-options","10":"first","11":"instock","12":"taxable","13":"shipping-taxable","14":"product-type-variable"},"acf":[],"_links":{"self":[{"href":"https:\/\/grupotextil.es\/ca\/wp-json\/wp\/v2\/product\/217226","targetHints":{"allow":["GET"]}}],"collection":[{"href":"https:\/\/grupotextil.es\/ca\/wp-json\/wp\/v2\/product"}],"about":[{"href":"https:\/\/grupotextil.es\/ca\/wp-json\/wp\/v2\/types\/product"}],"replies":[{"embeddable":true,"href":"https:\/\/grupotextil.es\/ca\/wp-json\/wp\/v2\/comments?post=217226"}],"wp:featuredmedia":[{"embeddable":true,"href":"https:\/\/grupotextil.es\/ca\/wp-json\/wp\/v2\/media\/217227"}],"wp:attachment":[{"href":"https:\/\/grupotextil.es\/ca\/wp-json\/wp\/v2\/media?parent=217226"}],"wp:term":[{"taxonomy":"product_brand","embeddable":true,"href":"https:\/\/grupotextil.es\/ca\/wp-json\/wp\/v2\/product_brand?post=217226"},{"taxonomy":"product_cat","embeddable":true,"href":"https:\/\/grupotextil.es\/ca\/wp-json\/wp\/v2\/product_cat?post=217226"},{"taxonomy":"product_tag","embeddable":true,"href":"https:\/\/grupotextil.es\/ca\/wp-json\/wp\/v2\/product_tag?post=217226"}],"curies":[{"name":"wp","href":"https:\/\/api.w.org\/{rel}","templated":true}]}}