{"id":217705,"date":"2026-03-04T03:50:05","date_gmt":"2026-03-04T02:50:05","guid":{"rendered":"https:\/\/grupotextil.es\/producto\/pulsera-para-eventos-stamina-drilo-3094\/"},"modified":"2026-03-04T06:15:28","modified_gmt":"2026-03-04T05:15:28","slug":"pulsera-para-eventos-stamina-drilo-3094","status":"publish","type":"product","link":"https:\/\/grupotextil.es\/ca\/product\/pulsera-para-eventos-stamina-drilo-3094\/","title":{"rendered":"Pulsera para Eventos Stamina Drilo 3094"},"content":{"rendered":"<p>Pulsera para eventos de fibra sint\u00e9tica con numeraci\u00f3n individual. Presentaci\u00f3n en plancha de 20 unidades.<\/p>","protected":false},"excerpt":{"rendered":"<p>Pulsera para eventos de fibra sint\u00e9tica con numeraci\u00f3n individual. Presentaci\u00f3n en plancha de 20 unidades.<\/p>","protected":false},"featured_media":217706,"comment_status":"open","ping_status":"closed","template":"","meta":{"_acf_changed":false},"product_brand":[14012],"product_cat":[13973],"product_tag":[],"class_list":{"0":"post-217705","1":"product","2":"type-product","3":"status-publish","4":"has-post-thumbnail","6":"product_brand-stamina","7":"product_cat-ropa","8":"tm-no-options","10":"first","11":"instock","12":"taxable","13":"shipping-taxable","14":"product-type-variable"},"acf":[],"_links":{"self":[{"href":"https:\/\/grupotextil.es\/ca\/wp-json\/wp\/v2\/product\/217705","targetHints":{"allow":["GET"]}}],"collection":[{"href":"https:\/\/grupotextil.es\/ca\/wp-json\/wp\/v2\/product"}],"about":[{"href":"https:\/\/grupotextil.es\/ca\/wp-json\/wp\/v2\/types\/product"}],"replies":[{"embeddable":true,"href":"https:\/\/grupotextil.es\/ca\/wp-json\/wp\/v2\/comments?post=217705"}],"wp:featuredmedia":[{"embeddable":true,"href":"https:\/\/grupotextil.es\/ca\/wp-json\/wp\/v2\/media\/217706"}],"wp:attachment":[{"href":"https:\/\/grupotextil.es\/ca\/wp-json\/wp\/v2\/media?parent=217705"}],"wp:term":[{"taxonomy":"product_brand","embeddable":true,"href":"https:\/\/grupotextil.es\/ca\/wp-json\/wp\/v2\/product_brand?post=217705"},{"taxonomy":"product_cat","embeddable":true,"href":"https:\/\/grupotextil.es\/ca\/wp-json\/wp\/v2\/product_cat?post=217705"},{"taxonomy":"product_tag","embeddable":true,"href":"https:\/\/grupotextil.es\/ca\/wp-json\/wp\/v2\/product_tag?post=217705"}],"curies":[{"name":"wp","href":"https:\/\/api.w.org\/{rel}","templated":true}]}}