{"id":217735,"date":"2026-03-04T03:50:36","date_gmt":"2026-03-04T02:50:36","guid":{"rendered":"https:\/\/grupotextil.es\/producto\/raton-inalambrico-stamina-remy-3049\/"},"modified":"2026-03-04T06:15:29","modified_gmt":"2026-03-04T05:15:29","slug":"raton-inalambrico-stamina-remy-3049","status":"publish","type":"product","link":"https:\/\/grupotextil.es\/ca\/product\/raton-inalambrico-stamina-remy-3049\/","title":{"rendered":"Rat\u00f3n Inal\u00e1mbrico Stamina Remy 3049"},"content":{"rendered":"<p>Rat\u00f3n inal\u00e1mbrico realizado en bamb\u00fa y ABS reciclado con sensor \u00f3ptico de precisi\u00f3n. Funciona con 2 pilas AA no incluidas.<\/p>","protected":false},"excerpt":{"rendered":"<p>Rat\u00f3n inal\u00e1mbrico realizado en bamb\u00fa y ABS reciclado con sensor \u00f3ptico de precisi\u00f3n. Funciona con 2 pilas AA no incluidas.<\/p>","protected":false},"featured_media":217736,"comment_status":"open","ping_status":"closed","template":"","meta":{"_acf_changed":false},"product_brand":[14012],"product_cat":[13948,14006,13959],"product_tag":[],"class_list":{"0":"post-217735","1":"product","2":"type-product","3":"status-publish","4":"has-post-thumbnail","6":"product_brand-stamina","7":"product_cat-accesorios","8":"product_cat-acc-merchandising","9":"product_cat-mr-tecnologia","10":"tm-no-options","12":"first","13":"instock","14":"taxable","15":"shipping-taxable","16":"product-type-variable"},"acf":[],"_links":{"self":[{"href":"https:\/\/grupotextil.es\/ca\/wp-json\/wp\/v2\/product\/217735","targetHints":{"allow":["GET"]}}],"collection":[{"href":"https:\/\/grupotextil.es\/ca\/wp-json\/wp\/v2\/product"}],"about":[{"href":"https:\/\/grupotextil.es\/ca\/wp-json\/wp\/v2\/types\/product"}],"replies":[{"embeddable":true,"href":"https:\/\/grupotextil.es\/ca\/wp-json\/wp\/v2\/comments?post=217735"}],"wp:featuredmedia":[{"embeddable":true,"href":"https:\/\/grupotextil.es\/ca\/wp-json\/wp\/v2\/media\/217736"}],"wp:attachment":[{"href":"https:\/\/grupotextil.es\/ca\/wp-json\/wp\/v2\/media?parent=217735"}],"wp:term":[{"taxonomy":"product_brand","embeddable":true,"href":"https:\/\/grupotextil.es\/ca\/wp-json\/wp\/v2\/product_brand?post=217735"},{"taxonomy":"product_cat","embeddable":true,"href":"https:\/\/grupotextil.es\/ca\/wp-json\/wp\/v2\/product_cat?post=217735"},{"taxonomy":"product_tag","embeddable":true,"href":"https:\/\/grupotextil.es\/ca\/wp-json\/wp\/v2\/product_tag?post=217735"}],"curies":[{"name":"wp","href":"https:\/\/api.w.org\/{rel}","templated":true}]}}