{"id":217777,"date":"2026-03-04T03:51:20","date_gmt":"2026-03-04T02:51:20","guid":{"rendered":"https:\/\/grupotextil.es\/producto\/tapones-para-oidos-stamina-noys-8199\/"},"modified":"2026-03-04T06:15:29","modified_gmt":"2026-03-04T05:15:29","slug":"tapones-para-oidos-stamina-noys-8199","status":"publish","type":"product","link":"https:\/\/grupotextil.es\/ca\/product\/tapones-para-oidos-stamina-noys-8199\/","title":{"rendered":"Tapones para O\u00eddos Stamina Noys 8199"},"content":{"rendered":"<p>Tapones para o\u00eddos de EVA. Presentaci\u00f3n en estuche con cadena de transporte.<\/p>","protected":false},"excerpt":{"rendered":"<p>Tapones para o\u00eddos de EVA. Presentaci\u00f3n en estuche con cadena de transporte.<\/p>","protected":false},"featured_media":217778,"comment_status":"open","ping_status":"closed","template":"","meta":{"_acf_changed":false},"product_brand":[14012],"product_cat":[13973],"product_tag":[],"class_list":{"0":"post-217777","1":"product","2":"type-product","3":"status-publish","4":"has-post-thumbnail","6":"product_brand-stamina","7":"product_cat-ropa","8":"tm-no-options","10":"first","11":"instock","12":"taxable","13":"shipping-taxable","14":"product-type-variable"},"acf":[],"_links":{"self":[{"href":"https:\/\/grupotextil.es\/ca\/wp-json\/wp\/v2\/product\/217777","targetHints":{"allow":["GET"]}}],"collection":[{"href":"https:\/\/grupotextil.es\/ca\/wp-json\/wp\/v2\/product"}],"about":[{"href":"https:\/\/grupotextil.es\/ca\/wp-json\/wp\/v2\/types\/product"}],"replies":[{"embeddable":true,"href":"https:\/\/grupotextil.es\/ca\/wp-json\/wp\/v2\/comments?post=217777"}],"wp:featuredmedia":[{"embeddable":true,"href":"https:\/\/grupotextil.es\/ca\/wp-json\/wp\/v2\/media\/217778"}],"wp:attachment":[{"href":"https:\/\/grupotextil.es\/ca\/wp-json\/wp\/v2\/media?parent=217777"}],"wp:term":[{"taxonomy":"product_brand","embeddable":true,"href":"https:\/\/grupotextil.es\/ca\/wp-json\/wp\/v2\/product_brand?post=217777"},{"taxonomy":"product_cat","embeddable":true,"href":"https:\/\/grupotextil.es\/ca\/wp-json\/wp\/v2\/product_cat?post=217777"},{"taxonomy":"product_tag","embeddable":true,"href":"https:\/\/grupotextil.es\/ca\/wp-json\/wp\/v2\/product_tag?post=217777"}],"curies":[{"name":"wp","href":"https:\/\/api.w.org\/{rel}","templated":true}]}}