{"id":218044,"date":"2026-03-04T03:56:51","date_gmt":"2026-03-04T02:56:51","guid":{"rendered":"https:\/\/grupotextil.es\/producto\/navaja-de-acero-inoxidable-y-bambu-natural-stamina-kaide-3988\/"},"modified":"2026-03-04T06:15:31","modified_gmt":"2026-03-04T05:15:31","slug":"navaja-de-acero-inoxidable-y-bambu-natural-stamina-kaide-3988","status":"publish","type":"product","link":"https:\/\/grupotextil.es\/ca\/product\/navaja-de-acero-inoxidable-y-bambu-natural-stamina-kaide-3988\/","title":{"rendered":"Navaja de Acero Inoxidable y Bamb\u00fa Natural Stamina Kaide 3988"},"content":{"rendered":"<p>Navaja de acero inoxidable con empu\u00f1adura de bamb\u00fa natural. Incluye cinta para transporte.<\/p>","protected":false},"excerpt":{"rendered":"<p>Navaja de acero inoxidable con empu\u00f1adura de bamb\u00fa natural. Incluye cinta para transporte.<\/p>","protected":false},"featured_media":218045,"comment_status":"open","ping_status":"closed","template":"","meta":{"_acf_changed":false},"product_brand":[14012],"product_cat":[9841],"product_tag":[],"class_list":{"0":"post-218044","1":"product","2":"type-product","3":"status-publish","4":"has-post-thumbnail","6":"product_brand-stamina","7":"product_cat-sostenible","8":"tm-no-options","10":"first","11":"instock","12":"taxable","13":"shipping-taxable","14":"product-type-variable"},"acf":[],"_links":{"self":[{"href":"https:\/\/grupotextil.es\/ca\/wp-json\/wp\/v2\/product\/218044","targetHints":{"allow":["GET"]}}],"collection":[{"href":"https:\/\/grupotextil.es\/ca\/wp-json\/wp\/v2\/product"}],"about":[{"href":"https:\/\/grupotextil.es\/ca\/wp-json\/wp\/v2\/types\/product"}],"replies":[{"embeddable":true,"href":"https:\/\/grupotextil.es\/ca\/wp-json\/wp\/v2\/comments?post=218044"}],"wp:featuredmedia":[{"embeddable":true,"href":"https:\/\/grupotextil.es\/ca\/wp-json\/wp\/v2\/media\/218045"}],"wp:attachment":[{"href":"https:\/\/grupotextil.es\/ca\/wp-json\/wp\/v2\/media?parent=218044"}],"wp:term":[{"taxonomy":"product_brand","embeddable":true,"href":"https:\/\/grupotextil.es\/ca\/wp-json\/wp\/v2\/product_brand?post=218044"},{"taxonomy":"product_cat","embeddable":true,"href":"https:\/\/grupotextil.es\/ca\/wp-json\/wp\/v2\/product_cat?post=218044"},{"taxonomy":"product_tag","embeddable":true,"href":"https:\/\/grupotextil.es\/ca\/wp-json\/wp\/v2\/product_tag?post=218044"}],"curies":[{"name":"wp","href":"https:\/\/api.w.org\/{rel}","templated":true}]}}