{"id":218261,"date":"2026-03-04T04:01:16","date_gmt":"2026-03-04T03:01:16","guid":{"rendered":"https:\/\/grupotextil.es\/producto\/juego-de-cartas-de-carton-reciclado-stamina-naipe-1028\/"},"modified":"2026-03-04T06:15:33","modified_gmt":"2026-03-04T05:15:33","slug":"juego-de-cartas-de-carton-reciclado-stamina-naipe-1028","status":"publish","type":"product","link":"https:\/\/grupotextil.es\/ca\/product\/juego-de-cartas-de-carton-reciclado-stamina-naipe-1028\/","title":{"rendered":"Juego de Cartas de Cart\u00f3n Reciclado Stamina Naipe 1028"},"content":{"rendered":"<p>Baraja francesa de cart\u00f3n reciclado. Incluye 54 cartas. Juega a cualquier juego de cartas popular de una manera m\u00e1s ecol\u00f3gica.<\/p>","protected":false},"excerpt":{"rendered":"<p>Baraja francesa de cart\u00f3n reciclado. Incluye 54 cartas. Juega a cualquier juego de cartas popular de una manera m\u00e1s ecol\u00f3gica.<\/p>","protected":false},"featured_media":218262,"comment_status":"open","ping_status":"closed","template":"","meta":{"_acf_changed":false},"product_brand":[14012],"product_cat":[13976],"product_tag":[],"class_list":{"0":"post-218261","1":"product","2":"type-product","3":"status-publish","4":"has-post-thumbnail","6":"product_brand-stamina","7":"product_cat-ropa-nino","8":"tm-no-options","10":"first","11":"instock","12":"taxable","13":"shipping-taxable","14":"product-type-variable"},"acf":[],"_links":{"self":[{"href":"https:\/\/grupotextil.es\/ca\/wp-json\/wp\/v2\/product\/218261","targetHints":{"allow":["GET"]}}],"collection":[{"href":"https:\/\/grupotextil.es\/ca\/wp-json\/wp\/v2\/product"}],"about":[{"href":"https:\/\/grupotextil.es\/ca\/wp-json\/wp\/v2\/types\/product"}],"replies":[{"embeddable":true,"href":"https:\/\/grupotextil.es\/ca\/wp-json\/wp\/v2\/comments?post=218261"}],"wp:featuredmedia":[{"embeddable":true,"href":"https:\/\/grupotextil.es\/ca\/wp-json\/wp\/v2\/media\/218262"}],"wp:attachment":[{"href":"https:\/\/grupotextil.es\/ca\/wp-json\/wp\/v2\/media?parent=218261"}],"wp:term":[{"taxonomy":"product_brand","embeddable":true,"href":"https:\/\/grupotextil.es\/ca\/wp-json\/wp\/v2\/product_brand?post=218261"},{"taxonomy":"product_cat","embeddable":true,"href":"https:\/\/grupotextil.es\/ca\/wp-json\/wp\/v2\/product_cat?post=218261"},{"taxonomy":"product_tag","embeddable":true,"href":"https:\/\/grupotextil.es\/ca\/wp-json\/wp\/v2\/product_tag?post=218261"}],"curies":[{"name":"wp","href":"https:\/\/api.w.org\/{rel}","templated":true}]}}