{"id":218286,"date":"2026-03-04T04:01:44","date_gmt":"2026-03-04T03:01:44","guid":{"rendered":"https:\/\/grupotextil.es\/producto\/boligrafo-con-pulsador-stamina-penta-7982\/"},"modified":"2026-03-04T06:15:34","modified_gmt":"2026-03-04T05:15:34","slug":"boligrafo-con-pulsador-stamina-penta-7982","status":"publish","type":"product","link":"https:\/\/grupotextil.es\/ca\/product\/boligrafo-con-pulsador-stamina-penta-7982\/","title":{"rendered":"Bol\u00edgrafo con Pulsador Stamina Penta 7982"},"content":{"rendered":"<p>Bol\u00edgrafo en acabado mate con empu\u00f1adura de bamb\u00fa y detalles en color oscuro. Disponible en amplia gama de colores.<\/p>","protected":false},"excerpt":{"rendered":"<p>Bol\u00edgrafo en acabado mate con empu\u00f1adura de bamb\u00fa y detalles en color oscuro. Disponible en amplia gama de colores.<\/p>","protected":false},"featured_media":218287,"comment_status":"open","ping_status":"closed","template":"","meta":{"_acf_changed":false},"product_brand":[14012],"product_cat":[14006,13972],"product_tag":[],"class_list":{"0":"post-218286","1":"product","2":"type-product","3":"status-publish","4":"has-post-thumbnail","6":"product_brand-stamina","7":"product_cat-acc-merchandising","8":"product_cat-oficina-y-escritura","9":"tm-no-options","11":"first","12":"instock","13":"taxable","14":"shipping-taxable","15":"product-type-variable"},"acf":[],"_links":{"self":[{"href":"https:\/\/grupotextil.es\/ca\/wp-json\/wp\/v2\/product\/218286","targetHints":{"allow":["GET"]}}],"collection":[{"href":"https:\/\/grupotextil.es\/ca\/wp-json\/wp\/v2\/product"}],"about":[{"href":"https:\/\/grupotextil.es\/ca\/wp-json\/wp\/v2\/types\/product"}],"replies":[{"embeddable":true,"href":"https:\/\/grupotextil.es\/ca\/wp-json\/wp\/v2\/comments?post=218286"}],"wp:featuredmedia":[{"embeddable":true,"href":"https:\/\/grupotextil.es\/ca\/wp-json\/wp\/v2\/media\/218287"}],"wp:attachment":[{"href":"https:\/\/grupotextil.es\/ca\/wp-json\/wp\/v2\/media?parent=218286"}],"wp:term":[{"taxonomy":"product_brand","embeddable":true,"href":"https:\/\/grupotextil.es\/ca\/wp-json\/wp\/v2\/product_brand?post=218286"},{"taxonomy":"product_cat","embeddable":true,"href":"https:\/\/grupotextil.es\/ca\/wp-json\/wp\/v2\/product_cat?post=218286"},{"taxonomy":"product_tag","embeddable":true,"href":"https:\/\/grupotextil.es\/ca\/wp-json\/wp\/v2\/product_tag?post=218286"}],"curies":[{"name":"wp","href":"https:\/\/api.w.org\/{rel}","templated":true}]}}