{"id":218297,"date":"2026-03-04T04:01:50","date_gmt":"2026-03-04T03:01:50","guid":{"rendered":"https:\/\/grupotextil.es\/producto\/boligrafo-roller-stamina-pirgo-7983\/"},"modified":"2026-03-04T06:15:34","modified_gmt":"2026-03-04T05:15:34","slug":"boligrafo-roller-stamina-pirgo-7983","status":"publish","type":"product","link":"https:\/\/grupotextil.es\/ca\/product\/boligrafo-roller-stamina-pirgo-7983\/","title":{"rendered":"Bol\u00edgrafo Roller Stamina Pirgo 7983"},"content":{"rendered":"<p>Bol\u00edgrafo tipo roller con cuerpo de bamb\u00fa y detalles metalizados. Carga jumbo de tinta azul.<\/p>","protected":false},"excerpt":{"rendered":"<p>Bol\u00edgrafo tipo roller con cuerpo de bamb\u00fa y detalles metalizados. Carga jumbo de tinta azul.<\/p>","protected":false},"featured_media":218298,"comment_status":"open","ping_status":"closed","template":"","meta":{"_acf_changed":false},"product_brand":[14012],"product_cat":[14006,13972],"product_tag":[],"class_list":{"0":"post-218297","1":"product","2":"type-product","3":"status-publish","4":"has-post-thumbnail","6":"product_brand-stamina","7":"product_cat-acc-merchandising","8":"product_cat-oficina-y-escritura","9":"tm-no-options","11":"first","12":"outofstock","13":"taxable","14":"shipping-taxable","15":"product-type-variable"},"acf":[],"_links":{"self":[{"href":"https:\/\/grupotextil.es\/ca\/wp-json\/wp\/v2\/product\/218297","targetHints":{"allow":["GET"]}}],"collection":[{"href":"https:\/\/grupotextil.es\/ca\/wp-json\/wp\/v2\/product"}],"about":[{"href":"https:\/\/grupotextil.es\/ca\/wp-json\/wp\/v2\/types\/product"}],"replies":[{"embeddable":true,"href":"https:\/\/grupotextil.es\/ca\/wp-json\/wp\/v2\/comments?post=218297"}],"wp:featuredmedia":[{"embeddable":true,"href":"https:\/\/grupotextil.es\/ca\/wp-json\/wp\/v2\/media\/218298"}],"wp:attachment":[{"href":"https:\/\/grupotextil.es\/ca\/wp-json\/wp\/v2\/media?parent=218297"}],"wp:term":[{"taxonomy":"product_brand","embeddable":true,"href":"https:\/\/grupotextil.es\/ca\/wp-json\/wp\/v2\/product_brand?post=218297"},{"taxonomy":"product_cat","embeddable":true,"href":"https:\/\/grupotextil.es\/ca\/wp-json\/wp\/v2\/product_cat?post=218297"},{"taxonomy":"product_tag","embeddable":true,"href":"https:\/\/grupotextil.es\/ca\/wp-json\/wp\/v2\/product_tag?post=218297"}],"curies":[{"name":"wp","href":"https:\/\/api.w.org\/{rel}","templated":true}]}}