{"id":218489,"date":"2026-03-04T04:06:02","date_gmt":"2026-03-04T03:06:02","guid":{"rendered":"https:\/\/grupotextil.es\/producto\/gota-anti-estres-stamina-dona-1232\/"},"modified":"2026-03-04T06:15:36","modified_gmt":"2026-03-04T05:15:36","slug":"gota-anti-estres-stamina-dona-1232","status":"publish","type":"product","link":"https:\/\/grupotextil.es\/ca\/product\/gota-anti-estres-stamina-dona-1232\/","title":{"rendered":"Gota Anti Estr\u00e9s Stamina Dona 1232"},"content":{"rendered":"<p>Gota antiestr\u00e9s realizada en PU de color liso, con tacto suave y acabado brillante. Especialmente dise\u00f1ada para su manipulaci\u00f3n y para el marcaje de tu logo.<\/p>","protected":false},"excerpt":{"rendered":"<p>Gota antiestr\u00e9s realizada en PU de color liso, con tacto suave y acabado brillante. Especialmente dise\u00f1ada para su manipulaci\u00f3n y para el marcaje de tu logo.<\/p>","protected":false},"featured_media":218490,"comment_status":"open","ping_status":"closed","template":"","meta":{"_acf_changed":false},"product_brand":[14012],"product_cat":[13973],"product_tag":[],"class_list":{"0":"post-218489","1":"product","2":"type-product","3":"status-publish","4":"has-post-thumbnail","6":"product_brand-stamina","7":"product_cat-ropa","8":"tm-no-options","10":"first","11":"instock","12":"taxable","13":"shipping-taxable","14":"product-type-variable"},"acf":[],"_links":{"self":[{"href":"https:\/\/grupotextil.es\/ca\/wp-json\/wp\/v2\/product\/218489","targetHints":{"allow":["GET"]}}],"collection":[{"href":"https:\/\/grupotextil.es\/ca\/wp-json\/wp\/v2\/product"}],"about":[{"href":"https:\/\/grupotextil.es\/ca\/wp-json\/wp\/v2\/types\/product"}],"replies":[{"embeddable":true,"href":"https:\/\/grupotextil.es\/ca\/wp-json\/wp\/v2\/comments?post=218489"}],"wp:featuredmedia":[{"embeddable":true,"href":"https:\/\/grupotextil.es\/ca\/wp-json\/wp\/v2\/media\/218490"}],"wp:attachment":[{"href":"https:\/\/grupotextil.es\/ca\/wp-json\/wp\/v2\/media?parent=218489"}],"wp:term":[{"taxonomy":"product_brand","embeddable":true,"href":"https:\/\/grupotextil.es\/ca\/wp-json\/wp\/v2\/product_brand?post=218489"},{"taxonomy":"product_cat","embeddable":true,"href":"https:\/\/grupotextil.es\/ca\/wp-json\/wp\/v2\/product_cat?post=218489"},{"taxonomy":"product_tag","embeddable":true,"href":"https:\/\/grupotextil.es\/ca\/wp-json\/wp\/v2\/product_tag?post=218489"}],"curies":[{"name":"wp","href":"https:\/\/api.w.org\/{rel}","templated":true}]}}