{"id":218527,"date":"2026-03-04T04:06:44","date_gmt":"2026-03-04T03:06:44","guid":{"rendered":"https:\/\/grupotextil.es\/producto\/bidon-de-aluminio-con-mosqueton-y-tapon-de-bambu-stamina-broly-4205\/"},"modified":"2026-03-04T06:15:36","modified_gmt":"2026-03-04T05:15:36","slug":"bidon-de-aluminio-con-mosqueton-y-tapon-de-bambu-stamina-broly-4205","status":"publish","type":"product","link":"https:\/\/grupotextil.es\/ca\/product\/bidon-de-aluminio-con-mosqueton-y-tapon-de-bambu-stamina-broly-4205\/","title":{"rendered":"Bid\u00f3n de Aluminio con Mosquet\u00f3n y Tap\u00f3n de Bamb\u00fa Stamina Broly 4205"},"content":{"rendered":"<p><strong>PRODUCTO QUE SE DESCATALOGAR\u00c1 CUANDO SE AGOTEN LAS EXISTENCIAS<\/strong> \u2013 Bid\u00f3n de aluminio con mosquet\u00f3n para un f\u00e1cil transporte y tap\u00f3n de bamb\u00fa. Capacidad de 800 ml.<\/p>","protected":false},"excerpt":{"rendered":"<p><strong>PRODUCTO QUE SE DESCATALOGAR\u00c1 CUANDO SE AGOTEN LAS EXISTENCIAS<\/strong> \u2013 Bid\u00f3n de aluminio con mosquet\u00f3n para un f\u00e1cil transporte y tap\u00f3n de bamb\u00fa. Capacidad de 800 ml.<\/p>","protected":false},"featured_media":218528,"comment_status":"open","ping_status":"closed","template":"","meta":{"_acf_changed":false},"product_brand":[14011],"product_cat":[13958,14006,13971],"product_tag":[],"class_list":{"0":"post-218527","1":"product","2":"type-product","3":"status-publish","4":"has-post-thumbnail","6":"product_brand-roly","7":"product_cat-mr-botellas-y-termos","8":"product_cat-acc-merchandising","9":"product_cat-mr-tazas","10":"tm-no-options","12":"first","13":"outofstock","14":"taxable","15":"shipping-taxable","16":"product-type-variable"},"acf":[],"_links":{"self":[{"href":"https:\/\/grupotextil.es\/ca\/wp-json\/wp\/v2\/product\/218527","targetHints":{"allow":["GET"]}}],"collection":[{"href":"https:\/\/grupotextil.es\/ca\/wp-json\/wp\/v2\/product"}],"about":[{"href":"https:\/\/grupotextil.es\/ca\/wp-json\/wp\/v2\/types\/product"}],"replies":[{"embeddable":true,"href":"https:\/\/grupotextil.es\/ca\/wp-json\/wp\/v2\/comments?post=218527"}],"wp:featuredmedia":[{"embeddable":true,"href":"https:\/\/grupotextil.es\/ca\/wp-json\/wp\/v2\/media\/218528"}],"wp:attachment":[{"href":"https:\/\/grupotextil.es\/ca\/wp-json\/wp\/v2\/media?parent=218527"}],"wp:term":[{"taxonomy":"product_brand","embeddable":true,"href":"https:\/\/grupotextil.es\/ca\/wp-json\/wp\/v2\/product_brand?post=218527"},{"taxonomy":"product_cat","embeddable":true,"href":"https:\/\/grupotextil.es\/ca\/wp-json\/wp\/v2\/product_cat?post=218527"},{"taxonomy":"product_tag","embeddable":true,"href":"https:\/\/grupotextil.es\/ca\/wp-json\/wp\/v2\/product_tag?post=218527"}],"curies":[{"name":"wp","href":"https:\/\/api.w.org\/{rel}","templated":true}]}}