{"id":218533,"date":"2026-03-04T04:06:51","date_gmt":"2026-03-04T03:06:51","guid":{"rendered":"https:\/\/grupotextil.es\/producto\/bidon-termico-con-tapa-funcion-soporte-para-movil-stamina-coiba-4211\/"},"modified":"2026-03-04T06:15:36","modified_gmt":"2026-03-04T05:15:36","slug":"bidon-termico-con-tapa-funcion-soporte-para-movil-stamina-coiba-4211","status":"publish","type":"product","link":"https:\/\/grupotextil.es\/ca\/product\/bidon-termico-con-tapa-funcion-soporte-para-movil-stamina-coiba-4211\/","title":{"rendered":"Bid\u00f3n T\u00e9rmico con Tapa Funci\u00f3n Soporte para M\u00f3vil Stamina Coiba 4211"},"content":{"rendered":"<p>Bid\u00f3n t\u00e9rmico de acero inoxidable 304 doble pared con detalle en bamb\u00fa. Id\u00f3neo bid\u00f3n para mantener las bebidas fr\u00edas y calientes. Tapa con asa funci\u00f3n soporte, ideal para smartphone. Capacidad 450 ml.<\/p>","protected":false},"excerpt":{"rendered":"<p>Bid\u00f3n t\u00e9rmico de acero inoxidable 304 doble pared con detalle en bamb\u00fa. Id\u00f3neo bid\u00f3n para mantener las bebidas fr\u00edas y calientes. Tapa con asa funci\u00f3n soporte, ideal para smartphone. Capacidad 450 ml.<\/p>","protected":false},"featured_media":218534,"comment_status":"open","ping_status":"closed","template":"","meta":{"_acf_changed":false},"product_brand":[14012],"product_cat":[13958,14006,13971],"product_tag":[],"class_list":{"0":"post-218533","1":"product","2":"type-product","3":"status-publish","4":"has-post-thumbnail","6":"product_brand-stamina","7":"product_cat-mr-botellas-y-termos","8":"product_cat-acc-merchandising","9":"product_cat-mr-tazas","10":"tm-no-options","12":"first","13":"instock","14":"taxable","15":"shipping-taxable","16":"product-type-variable"},"acf":[],"_links":{"self":[{"href":"https:\/\/grupotextil.es\/ca\/wp-json\/wp\/v2\/product\/218533","targetHints":{"allow":["GET"]}}],"collection":[{"href":"https:\/\/grupotextil.es\/ca\/wp-json\/wp\/v2\/product"}],"about":[{"href":"https:\/\/grupotextil.es\/ca\/wp-json\/wp\/v2\/types\/product"}],"replies":[{"embeddable":true,"href":"https:\/\/grupotextil.es\/ca\/wp-json\/wp\/v2\/comments?post=218533"}],"wp:featuredmedia":[{"embeddable":true,"href":"https:\/\/grupotextil.es\/ca\/wp-json\/wp\/v2\/media\/218534"}],"wp:attachment":[{"href":"https:\/\/grupotextil.es\/ca\/wp-json\/wp\/v2\/media?parent=218533"}],"wp:term":[{"taxonomy":"product_brand","embeddable":true,"href":"https:\/\/grupotextil.es\/ca\/wp-json\/wp\/v2\/product_brand?post=218533"},{"taxonomy":"product_cat","embeddable":true,"href":"https:\/\/grupotextil.es\/ca\/wp-json\/wp\/v2\/product_cat?post=218533"},{"taxonomy":"product_tag","embeddable":true,"href":"https:\/\/grupotextil.es\/ca\/wp-json\/wp\/v2\/product_tag?post=218533"}],"curies":[{"name":"wp","href":"https:\/\/api.w.org\/{rel}","templated":true}]}}