{"id":218563,"date":"2026-03-04T04:07:23","date_gmt":"2026-03-04T03:07:23","guid":{"rendered":"https:\/\/grupotextil.es\/producto\/bidon-de-aluminio-reciclado-con-mosqueton-stamina-renko-4214\/"},"modified":"2026-03-04T06:15:37","modified_gmt":"2026-03-04T05:15:37","slug":"bidon-de-aluminio-reciclado-con-mosqueton-stamina-renko-4214","status":"publish","type":"product","link":"https:\/\/grupotextil.es\/ca\/product\/bidon-de-aluminio-reciclado-con-mosqueton-stamina-renko-4214\/","title":{"rendered":"Bid\u00f3n de Aluminio Reciclado con Mosquet\u00f3n Stamina Renko 4214"},"content":{"rendered":"<p><strong>PRODUCTO QUE SE DESCATALOGAR\u00c1 CUANDO SE AGOTEN LAS EXISTENCIAS<\/strong> \u2013 Bid\u00f3n de aluminio reciclado con pared simple. Capacidad de 400 ml. Tap\u00f3n negro a rosca con refuerzo de silicona. Adem\u00e1s, cuenta con mosquet\u00f3n a juego, idealmente pensado para el transporte del bid\u00f3n.<\/p>","protected":false},"excerpt":{"rendered":"<p><strong>PRODUCTO QUE SE DESCATALOGAR\u00c1 CUANDO SE AGOTEN LAS EXISTENCIAS<\/strong> \u2013 Bid\u00f3n de aluminio reciclado con pared simple. Capacidad de 400 ml. Tap\u00f3n negro a rosca con refuerzo de silicona. Adem\u00e1s, cuenta con mosquet\u00f3n a juego, idealmente pensado para el transporte del bid\u00f3n.<\/p>","protected":false},"featured_media":218564,"comment_status":"open","ping_status":"closed","template":"","meta":{"_acf_changed":false},"product_brand":[14012],"product_cat":[13958,14006,13971],"product_tag":[],"class_list":{"0":"post-218563","1":"product","2":"type-product","3":"status-publish","4":"has-post-thumbnail","6":"product_brand-stamina","7":"product_cat-mr-botellas-y-termos","8":"product_cat-acc-merchandising","9":"product_cat-mr-tazas","10":"tm-no-options","12":"first","13":"instock","14":"taxable","15":"shipping-taxable","16":"product-type-variable"},"acf":[],"_links":{"self":[{"href":"https:\/\/grupotextil.es\/ca\/wp-json\/wp\/v2\/product\/218563","targetHints":{"allow":["GET"]}}],"collection":[{"href":"https:\/\/grupotextil.es\/ca\/wp-json\/wp\/v2\/product"}],"about":[{"href":"https:\/\/grupotextil.es\/ca\/wp-json\/wp\/v2\/types\/product"}],"replies":[{"embeddable":true,"href":"https:\/\/grupotextil.es\/ca\/wp-json\/wp\/v2\/comments?post=218563"}],"wp:featuredmedia":[{"embeddable":true,"href":"https:\/\/grupotextil.es\/ca\/wp-json\/wp\/v2\/media\/218564"}],"wp:attachment":[{"href":"https:\/\/grupotextil.es\/ca\/wp-json\/wp\/v2\/media?parent=218563"}],"wp:term":[{"taxonomy":"product_brand","embeddable":true,"href":"https:\/\/grupotextil.es\/ca\/wp-json\/wp\/v2\/product_brand?post=218563"},{"taxonomy":"product_cat","embeddable":true,"href":"https:\/\/grupotextil.es\/ca\/wp-json\/wp\/v2\/product_cat?post=218563"},{"taxonomy":"product_tag","embeddable":true,"href":"https:\/\/grupotextil.es\/ca\/wp-json\/wp\/v2\/product_tag?post=218563"}],"curies":[{"name":"wp","href":"https:\/\/api.w.org\/{rel}","templated":true}]}}