{"id":218911,"date":"2026-03-04T04:11:00","date_gmt":"2026-03-04T03:11:00","guid":{"rendered":"https:\/\/grupotextil.es\/producto\/sudadera-stanley-stella-archer-vintage-stsu040\/"},"modified":"2026-03-10T01:58:55","modified_gmt":"2026-03-10T00:58:55","slug":"sudadera-stanley-stella-archer-vintage-stsu040","status":"publish","type":"product","link":"https:\/\/grupotextil.es\/ca\/product\/sudadera-stanley-stella-archer-vintage-stsu040\/","title":{"rendered":"Sudadera Stanley\/Stella Archer Vintage STSU040"},"content":{"rendered":"<p>Sudadera con capucha unisex garment-dyed de French Terry. Capucha forrada del mismo tejido con cord\u00f3n redondo al tono y puntas met\u00e1licas cerradas, ojales met\u00e1licos. Manga montada. Bolsillo canguro. Canal\u00e9 1\u00d71 en pu\u00f1os y bajo. Pespunte de doble aguja en sisas, pu\u00f1os y bajo. Cinta de refuerzo interior en el cuello con dibujo de espiga. Media luna del mismo tejido en la parte trasera del cuello. Detalle de costuras desgastadas para un look lavado. Te\u00f1ido en prenda: cada pieza es \u00fanica y puede presentar ligeras variaciones de color. Seguir cuidadosamente las recomendaciones de impresi\u00f3n. Acabados cuidados para mayor durabilidad y confort.<\/p>","protected":false},"excerpt":{"rendered":"<p>Sudadera con capucha unisex garment-dyed de French Terry. Capucha forrada del mismo tejido con cord\u00f3n redondo al tono y puntas met\u00e1licas cerradas, ojales met\u00e1licos. Manga montada. Bolsillo canguro. Canal\u00e9 1\u00d71 en pu\u00f1os y bajo. Pespunte de doble aguja en sisas, pu\u00f1os y bajo. Cinta de refuerzo interior en el cuello con dibujo de espiga. Media luna del mismo tejido en la parte trasera del cuello. Detalle de costuras desgastadas para un look lavado. Te\u00f1ido en prenda: cada pieza es \u00fanica y puede presentar ligeras variaciones de color. Seguir cuidadosamente las recomendaciones de impresi\u00f3n. Acabados cuidados para mayor durabilidad y confort.<\/p>","protected":false},"featured_media":218912,"comment_status":"open","ping_status":"closed","template":"","meta":{"_acf_changed":false},"product_brand":[14178],"product_cat":[13975,13973,13989],"product_tag":[],"class_list":{"0":"post-218911","1":"product","2":"type-product","3":"status-publish","4":"has-post-thumbnail","6":"product_brand-stanley-stella","7":"product_cat-ropa-mujer","8":"product_cat-ropa","9":"product_cat-m-sudaderas","10":"tm-no-options","12":"first","13":"instock","14":"taxable","15":"shipping-taxable","16":"product-type-variable"},"acf":[],"_links":{"self":[{"href":"https:\/\/grupotextil.es\/ca\/wp-json\/wp\/v2\/product\/218911","targetHints":{"allow":["GET"]}}],"collection":[{"href":"https:\/\/grupotextil.es\/ca\/wp-json\/wp\/v2\/product"}],"about":[{"href":"https:\/\/grupotextil.es\/ca\/wp-json\/wp\/v2\/types\/product"}],"replies":[{"embeddable":true,"href":"https:\/\/grupotextil.es\/ca\/wp-json\/wp\/v2\/comments?post=218911"}],"wp:featuredmedia":[{"embeddable":true,"href":"https:\/\/grupotextil.es\/ca\/wp-json\/wp\/v2\/media\/218912"}],"wp:attachment":[{"href":"https:\/\/grupotextil.es\/ca\/wp-json\/wp\/v2\/media?parent=218911"}],"wp:term":[{"taxonomy":"product_brand","embeddable":true,"href":"https:\/\/grupotextil.es\/ca\/wp-json\/wp\/v2\/product_brand?post=218911"},{"taxonomy":"product_cat","embeddable":true,"href":"https:\/\/grupotextil.es\/ca\/wp-json\/wp\/v2\/product_cat?post=218911"},{"taxonomy":"product_tag","embeddable":true,"href":"https:\/\/grupotextil.es\/ca\/wp-json\/wp\/v2\/product_tag?post=218911"}],"curies":[{"name":"wp","href":"https:\/\/api.w.org\/{rel}","templated":true}]}}