{"id":219081,"date":"2026-03-04T04:12:27","date_gmt":"2026-03-04T03:12:27","guid":{"rendered":"https:\/\/grupotextil.es\/producto\/pantalon-stanley-stella-mini-bolter-stbk102\/"},"modified":"2026-03-04T06:15:38","modified_gmt":"2026-03-04T05:15:38","slug":"pantalon-stanley-stella-mini-bolter-stbk102","status":"publish","type":"product","link":"https:\/\/grupotextil.es\/ca\/product\/pantalon-stanley-stella-mini-bolter-stbk102\/","title":{"rendered":"Pantal\u00f3n Stanley\/Stella Mini Bolter STBK102"},"content":{"rendered":"<div class=\"mb-3\">\n<div class=\"wysiwyg-p:my-0 wysiwyg-ul:my-0 lg:wysiwyg-li:text-sm wysiwyg-li:text-xs lg:wysiwyg-p:text-sm wysiwyg-p:text-xs check-icon-list-bullet\">\n<p>Cinturilla en tejido principal Cord\u00f3n redondo en el mismo tono rematado con extremos de acabado met\u00e1lico Ojales bordados Bolsillos delanteros Bolsillo plastr\u00f3n trasero Pespunte doble en el bajo<\/p>\n<\/div>\n<\/div>\n<div class=\"mb-3\"><\/div>","protected":false},"excerpt":{"rendered":"<div class=\"mb-3\">\n<div class=\"wysiwyg-p:my-0 wysiwyg-ul:my-0 lg:wysiwyg-li:text-sm wysiwyg-li:text-xs lg:wysiwyg-p:text-sm wysiwyg-p:text-xs check-icon-list-bullet\">\n<p>Cinturilla en tejido principal Cord\u00f3n redondo en el mismo tono rematado con extremos de acabado met\u00e1lico Ojales bordados Bolsillos delanteros Bolsillo plastr\u00f3n trasero Pespunte doble en el bajo<\/p>\n<\/div>\n<\/div>\n<div class=\"mb-3\"><\/div>","protected":false},"featured_media":219082,"comment_status":"open","ping_status":"closed","template":"","meta":{"_acf_changed":false},"product_brand":[14178],"product_cat":[13974,13975,13976,13983,13992,13973,14007,9841],"product_tag":[],"class_list":{"0":"post-219081","1":"product","2":"type-product","3":"status-publish","4":"has-post-thumbnail","6":"product_brand-stanley-stella","7":"product_cat-ropa-hombre","8":"product_cat-ropa-mujer","9":"product_cat-ropa-nino","10":"product_cat-h-pantalones","11":"product_cat-m-pantalones","12":"product_cat-ropa","13":"product_cat-ropa-organica","14":"product_cat-sostenible","15":"tm-no-options","17":"first","18":"instock","19":"taxable","20":"shipping-taxable","21":"product-type-variable"},"acf":[],"_links":{"self":[{"href":"https:\/\/grupotextil.es\/ca\/wp-json\/wp\/v2\/product\/219081","targetHints":{"allow":["GET"]}}],"collection":[{"href":"https:\/\/grupotextil.es\/ca\/wp-json\/wp\/v2\/product"}],"about":[{"href":"https:\/\/grupotextil.es\/ca\/wp-json\/wp\/v2\/types\/product"}],"replies":[{"embeddable":true,"href":"https:\/\/grupotextil.es\/ca\/wp-json\/wp\/v2\/comments?post=219081"}],"wp:featuredmedia":[{"embeddable":true,"href":"https:\/\/grupotextil.es\/ca\/wp-json\/wp\/v2\/media\/219082"}],"wp:attachment":[{"href":"https:\/\/grupotextil.es\/ca\/wp-json\/wp\/v2\/media?parent=219081"}],"wp:term":[{"taxonomy":"product_brand","embeddable":true,"href":"https:\/\/grupotextil.es\/ca\/wp-json\/wp\/v2\/product_brand?post=219081"},{"taxonomy":"product_cat","embeddable":true,"href":"https:\/\/grupotextil.es\/ca\/wp-json\/wp\/v2\/product_cat?post=219081"},{"taxonomy":"product_tag","embeddable":true,"href":"https:\/\/grupotextil.es\/ca\/wp-json\/wp\/v2\/product_tag?post=219081"}],"curies":[{"name":"wp","href":"https:\/\/api.w.org\/{rel}","templated":true}]}}