{"id":219300,"date":"2026-03-04T04:16:05","date_gmt":"2026-03-04T03:16:05","guid":{"rendered":"https:\/\/grupotextil.es\/producto\/soporte-para-movil-de-bambu-natural-stamina-antix-3055\/"},"modified":"2026-03-04T06:15:40","modified_gmt":"2026-03-04T05:15:40","slug":"soporte-para-movil-de-bambu-natural-stamina-antix-3055","status":"publish","type":"product","link":"https:\/\/grupotextil.es\/ca\/product\/soporte-para-movil-de-bambu-natural-stamina-antix-3055\/","title":{"rendered":"Soporte para M\u00f3vil de Bamb\u00fa Natural Stamina Antix 3055"},"content":{"rendered":"<p>Soporte para dispositivos m\u00f3viles, tablet o smartphone, realizado en bamb\u00fa.<\/p>","protected":false},"excerpt":{"rendered":"<p>Soporte para dispositivos m\u00f3viles, tablet o smartphone, realizado en bamb\u00fa.<\/p>","protected":false},"featured_media":219301,"comment_status":"open","ping_status":"closed","template":"","meta":{"_acf_changed":false},"product_brand":[14012],"product_cat":[13948,14006,13959],"product_tag":[],"class_list":{"0":"post-219300","1":"product","2":"type-product","3":"status-publish","4":"has-post-thumbnail","6":"product_brand-stamina","7":"product_cat-accesorios","8":"product_cat-acc-merchandising","9":"product_cat-mr-tecnologia","10":"tm-no-options","12":"first","13":"instock","14":"taxable","15":"shipping-taxable","16":"product-type-variable"},"acf":[],"_links":{"self":[{"href":"https:\/\/grupotextil.es\/ca\/wp-json\/wp\/v2\/product\/219300","targetHints":{"allow":["GET"]}}],"collection":[{"href":"https:\/\/grupotextil.es\/ca\/wp-json\/wp\/v2\/product"}],"about":[{"href":"https:\/\/grupotextil.es\/ca\/wp-json\/wp\/v2\/types\/product"}],"replies":[{"embeddable":true,"href":"https:\/\/grupotextil.es\/ca\/wp-json\/wp\/v2\/comments?post=219300"}],"wp:featuredmedia":[{"embeddable":true,"href":"https:\/\/grupotextil.es\/ca\/wp-json\/wp\/v2\/media\/219301"}],"wp:attachment":[{"href":"https:\/\/grupotextil.es\/ca\/wp-json\/wp\/v2\/media?parent=219300"}],"wp:term":[{"taxonomy":"product_brand","embeddable":true,"href":"https:\/\/grupotextil.es\/ca\/wp-json\/wp\/v2\/product_brand?post=219300"},{"taxonomy":"product_cat","embeddable":true,"href":"https:\/\/grupotextil.es\/ca\/wp-json\/wp\/v2\/product_cat?post=219300"},{"taxonomy":"product_tag","embeddable":true,"href":"https:\/\/grupotextil.es\/ca\/wp-json\/wp\/v2\/product_tag?post=219300"}],"curies":[{"name":"wp","href":"https:\/\/api.w.org\/{rel}","templated":true}]}}