{"id":219647,"date":"2026-03-04T04:21:09","date_gmt":"2026-03-04T03:21:09","guid":{"rendered":"https:\/\/grupotextil.es\/producto\/chubasquero-stamina-baikal-5603\/"},"modified":"2026-03-04T06:15:42","modified_gmt":"2026-03-04T05:15:42","slug":"chubasquero-stamina-baikal-5603","status":"publish","type":"product","link":"https:\/\/grupotextil.es\/ca\/product\/chubasquero-stamina-baikal-5603\/","title":{"rendered":"Chubasquero Stamina Baikal 5603"},"content":{"rendered":"<p>Chubasquero con acabados termosellados, cierre central con 4 corchetes, bolsillos laterales con solapa, pu\u00f1os con bot\u00f3n ajustador, 3 aberturas de ventilaci\u00f3n en la espalda y capucha ajustable con cord\u00f3n.<\/p>","protected":false},"excerpt":{"rendered":"<p>Chubasquero con acabados termosellados, cierre central con 4 corchetes, bolsillos laterales con solapa, pu\u00f1os con bot\u00f3n ajustador, 3 aberturas de ventilaci\u00f3n en la espalda y capucha ajustable con cord\u00f3n.<\/p>","protected":false},"featured_media":219648,"comment_status":"open","ping_status":"closed","template":"","meta":{"_acf_changed":false},"product_brand":[14012],"product_cat":[13973],"product_tag":[],"class_list":{"0":"post-219647","1":"product","2":"type-product","3":"status-publish","4":"has-post-thumbnail","6":"product_brand-stamina","7":"product_cat-ropa","8":"tm-no-options","10":"first","11":"instock","12":"taxable","13":"shipping-taxable","14":"product-type-variable"},"acf":[],"_links":{"self":[{"href":"https:\/\/grupotextil.es\/ca\/wp-json\/wp\/v2\/product\/219647","targetHints":{"allow":["GET"]}}],"collection":[{"href":"https:\/\/grupotextil.es\/ca\/wp-json\/wp\/v2\/product"}],"about":[{"href":"https:\/\/grupotextil.es\/ca\/wp-json\/wp\/v2\/types\/product"}],"replies":[{"embeddable":true,"href":"https:\/\/grupotextil.es\/ca\/wp-json\/wp\/v2\/comments?post=219647"}],"wp:featuredmedia":[{"embeddable":true,"href":"https:\/\/grupotextil.es\/ca\/wp-json\/wp\/v2\/media\/219648"}],"wp:attachment":[{"href":"https:\/\/grupotextil.es\/ca\/wp-json\/wp\/v2\/media?parent=219647"}],"wp:term":[{"taxonomy":"product_brand","embeddable":true,"href":"https:\/\/grupotextil.es\/ca\/wp-json\/wp\/v2\/product_brand?post=219647"},{"taxonomy":"product_cat","embeddable":true,"href":"https:\/\/grupotextil.es\/ca\/wp-json\/wp\/v2\/product_cat?post=219647"},{"taxonomy":"product_tag","embeddable":true,"href":"https:\/\/grupotextil.es\/ca\/wp-json\/wp\/v2\/product_tag?post=219647"}],"curies":[{"name":"wp","href":"https:\/\/api.w.org\/{rel}","templated":true}]}}