{"id":219815,"date":"2026-03-04T04:25:28","date_gmt":"2026-03-04T03:25:28","guid":{"rendered":"https:\/\/grupotextil.es\/producto\/neceser-de-algodon-y-yute-natural-stamina-sierra-7558\/"},"modified":"2026-03-04T06:15:43","modified_gmt":"2026-03-04T05:15:43","slug":"neceser-de-algodon-y-yute-natural-stamina-sierra-7558","status":"publish","type":"product","link":"https:\/\/grupotextil.es\/ca\/product\/neceser-de-algodon-y-yute-natural-stamina-sierra-7558\/","title":{"rendered":"Neceser de Algod\u00f3n y Yute Natural Stamina Sierra 7558"},"content":{"rendered":"<p>Neceser l\u00ednea eco de algod\u00f3n de 180 g\/m\u00b2 y yute en color natural. Base y tirador en yute. Cremallera con tirador de yute a juego.<\/p>","protected":false},"excerpt":{"rendered":"<p>Neceser l\u00ednea eco de algod\u00f3n de 180 g\/m\u00b2 y yute en color natural. Base y tirador en yute. Cremallera con tirador de yute a juego.<\/p>","protected":false},"featured_media":219816,"comment_status":"open","ping_status":"closed","template":"","meta":{"_acf_changed":false},"product_brand":[14012],"product_cat":[13973],"product_tag":[],"class_list":{"0":"post-219815","1":"product","2":"type-product","3":"status-publish","4":"has-post-thumbnail","6":"product_brand-stamina","7":"product_cat-ropa","8":"tm-no-options","10":"first","11":"instock","12":"taxable","13":"shipping-taxable","14":"product-type-variable"},"acf":[],"_links":{"self":[{"href":"https:\/\/grupotextil.es\/ca\/wp-json\/wp\/v2\/product\/219815","targetHints":{"allow":["GET"]}}],"collection":[{"href":"https:\/\/grupotextil.es\/ca\/wp-json\/wp\/v2\/product"}],"about":[{"href":"https:\/\/grupotextil.es\/ca\/wp-json\/wp\/v2\/types\/product"}],"replies":[{"embeddable":true,"href":"https:\/\/grupotextil.es\/ca\/wp-json\/wp\/v2\/comments?post=219815"}],"wp:featuredmedia":[{"embeddable":true,"href":"https:\/\/grupotextil.es\/ca\/wp-json\/wp\/v2\/media\/219816"}],"wp:attachment":[{"href":"https:\/\/grupotextil.es\/ca\/wp-json\/wp\/v2\/media?parent=219815"}],"wp:term":[{"taxonomy":"product_brand","embeddable":true,"href":"https:\/\/grupotextil.es\/ca\/wp-json\/wp\/v2\/product_brand?post=219815"},{"taxonomy":"product_cat","embeddable":true,"href":"https:\/\/grupotextil.es\/ca\/wp-json\/wp\/v2\/product_cat?post=219815"},{"taxonomy":"product_tag","embeddable":true,"href":"https:\/\/grupotextil.es\/ca\/wp-json\/wp\/v2\/product_tag?post=219815"}],"curies":[{"name":"wp","href":"https:\/\/api.w.org\/{rel}","templated":true}]}}