{"id":219829,"date":"2026-03-04T04:25:46","date_gmt":"2026-03-04T03:25:46","guid":{"rendered":"https:\/\/grupotextil.es\/producto\/munequera-stamina-speed-7105\/"},"modified":"2026-03-04T06:15:44","modified_gmt":"2026-03-04T05:15:44","slug":"munequera-stamina-speed-7105","status":"publish","type":"product","link":"https:\/\/grupotextil.es\/ca\/product\/munequera-stamina-speed-7105\/","title":{"rendered":"Mu\u00f1equera Stamina Speed 7105"},"content":{"rendered":"<p>Mu\u00f1equera el\u00e1stica con bolsillo con cierre de cremallera a juego. Una opci\u00f3n c\u00f3moda y vers\u00e1til para almacenar tus peque\u00f1os enseres mientras haces deporte.<\/p>","protected":false},"excerpt":{"rendered":"<p>Mu\u00f1equera el\u00e1stica con bolsillo con cierre de cremallera a juego. Una opci\u00f3n c\u00f3moda y vers\u00e1til para almacenar tus peque\u00f1os enseres mientras haces deporte.<\/p>","protected":false},"featured_media":219830,"comment_status":"open","ping_status":"closed","template":"","meta":{"_acf_changed":false},"product_brand":[14012],"product_cat":[13973],"product_tag":[],"class_list":{"0":"post-219829","1":"product","2":"type-product","3":"status-publish","4":"has-post-thumbnail","6":"product_brand-stamina","7":"product_cat-ropa","8":"tm-no-options","10":"first","11":"instock","12":"taxable","13":"shipping-taxable","14":"product-type-variable"},"acf":[],"_links":{"self":[{"href":"https:\/\/grupotextil.es\/ca\/wp-json\/wp\/v2\/product\/219829","targetHints":{"allow":["GET"]}}],"collection":[{"href":"https:\/\/grupotextil.es\/ca\/wp-json\/wp\/v2\/product"}],"about":[{"href":"https:\/\/grupotextil.es\/ca\/wp-json\/wp\/v2\/types\/product"}],"replies":[{"embeddable":true,"href":"https:\/\/grupotextil.es\/ca\/wp-json\/wp\/v2\/comments?post=219829"}],"wp:featuredmedia":[{"embeddable":true,"href":"https:\/\/grupotextil.es\/ca\/wp-json\/wp\/v2\/media\/219830"}],"wp:attachment":[{"href":"https:\/\/grupotextil.es\/ca\/wp-json\/wp\/v2\/media?parent=219829"}],"wp:term":[{"taxonomy":"product_brand","embeddable":true,"href":"https:\/\/grupotextil.es\/ca\/wp-json\/wp\/v2\/product_brand?post=219829"},{"taxonomy":"product_cat","embeddable":true,"href":"https:\/\/grupotextil.es\/ca\/wp-json\/wp\/v2\/product_cat?post=219829"},{"taxonomy":"product_tag","embeddable":true,"href":"https:\/\/grupotextil.es\/ca\/wp-json\/wp\/v2\/product_tag?post=219829"}],"curies":[{"name":"wp","href":"https:\/\/api.w.org\/{rel}","templated":true}]}}