{"id":219840,"date":"2026-03-04T04:25:57","date_gmt":"2026-03-04T03:25:57","guid":{"rendered":"https:\/\/grupotextil.es\/producto\/zapatillas-de-viaje-stamina-yllier-8151\/"},"modified":"2026-03-04T06:15:44","modified_gmt":"2026-03-04T05:15:44","slug":"zapatillas-de-viaje-stamina-yllier-8151","status":"publish","type":"product","link":"https:\/\/grupotextil.es\/ca\/product\/zapatillas-de-viaje-stamina-yllier-8151\/","title":{"rendered":"Zapatillas de Viaje Stamina Yllier 8151"},"content":{"rendered":"<p>Zapatillas unisex realizadas en c\u00f3modo EVA\/poli\u00e9ster con interior acolchado. Incluye pr\u00e1ctica funda de non-woven. Talla \u00fanica 36-43.<\/p>","protected":false},"excerpt":{"rendered":"<p>Zapatillas unisex realizadas en c\u00f3modo EVA\/poli\u00e9ster con interior acolchado. Incluye pr\u00e1ctica funda de non-woven. Talla \u00fanica 36-43.<\/p>","protected":false},"featured_media":219841,"comment_status":"open","ping_status":"closed","template":"","meta":{"_acf_changed":false},"product_brand":[14012],"product_cat":[13973],"product_tag":[],"class_list":{"0":"post-219840","1":"product","2":"type-product","3":"status-publish","4":"has-post-thumbnail","6":"product_brand-stamina","7":"product_cat-ropa","8":"tm-no-options","10":"first","11":"instock","12":"taxable","13":"shipping-taxable","14":"product-type-variable"},"acf":[],"_links":{"self":[{"href":"https:\/\/grupotextil.es\/ca\/wp-json\/wp\/v2\/product\/219840","targetHints":{"allow":["GET"]}}],"collection":[{"href":"https:\/\/grupotextil.es\/ca\/wp-json\/wp\/v2\/product"}],"about":[{"href":"https:\/\/grupotextil.es\/ca\/wp-json\/wp\/v2\/types\/product"}],"replies":[{"embeddable":true,"href":"https:\/\/grupotextil.es\/ca\/wp-json\/wp\/v2\/comments?post=219840"}],"wp:featuredmedia":[{"embeddable":true,"href":"https:\/\/grupotextil.es\/ca\/wp-json\/wp\/v2\/media\/219841"}],"wp:attachment":[{"href":"https:\/\/grupotextil.es\/ca\/wp-json\/wp\/v2\/media?parent=219840"}],"wp:term":[{"taxonomy":"product_brand","embeddable":true,"href":"https:\/\/grupotextil.es\/ca\/wp-json\/wp\/v2\/product_brand?post=219840"},{"taxonomy":"product_cat","embeddable":true,"href":"https:\/\/grupotextil.es\/ca\/wp-json\/wp\/v2\/product_cat?post=219840"},{"taxonomy":"product_tag","embeddable":true,"href":"https:\/\/grupotextil.es\/ca\/wp-json\/wp\/v2\/product_tag?post=219840"}],"curies":[{"name":"wp","href":"https:\/\/api.w.org\/{rel}","templated":true}]}}