{"id":219847,"date":"2026-03-04T04:26:06","date_gmt":"2026-03-04T03:26:06","guid":{"rendered":"https:\/\/grupotextil.es\/producto\/balsamo-labial-stamina-lissen-1124\/"},"modified":"2026-03-04T06:15:44","modified_gmt":"2026-03-04T05:15:44","slug":"balsamo-labial-stamina-lissen-1124","status":"publish","type":"product","link":"https:\/\/grupotextil.es\/ca\/product\/balsamo-labial-stamina-lissen-1124\/","title":{"rendered":"B\u00e1lsamo Labial Stamina Lissen 1124"},"content":{"rendered":"<p>B\u00e1lsamo labial con cl\u00e1sico estuche en forma de barra en acabado transl\u00facido. Protecci\u00f3n SPF15.<\/p>","protected":false},"excerpt":{"rendered":"<p>B\u00e1lsamo labial con cl\u00e1sico estuche en forma de barra en acabado transl\u00facido. Protecci\u00f3n SPF15.<\/p>","protected":false},"featured_media":219848,"comment_status":"open","ping_status":"closed","template":"","meta":{"_acf_changed":false},"product_brand":[14012],"product_cat":[13973],"product_tag":[],"class_list":{"0":"post-219847","1":"product","2":"type-product","3":"status-publish","4":"has-post-thumbnail","6":"product_brand-stamina","7":"product_cat-ropa","8":"tm-no-options","10":"first","11":"instock","12":"taxable","13":"shipping-taxable","14":"product-type-variable"},"acf":[],"_links":{"self":[{"href":"https:\/\/grupotextil.es\/ca\/wp-json\/wp\/v2\/product\/219847","targetHints":{"allow":["GET"]}}],"collection":[{"href":"https:\/\/grupotextil.es\/ca\/wp-json\/wp\/v2\/product"}],"about":[{"href":"https:\/\/grupotextil.es\/ca\/wp-json\/wp\/v2\/types\/product"}],"replies":[{"embeddable":true,"href":"https:\/\/grupotextil.es\/ca\/wp-json\/wp\/v2\/comments?post=219847"}],"wp:featuredmedia":[{"embeddable":true,"href":"https:\/\/grupotextil.es\/ca\/wp-json\/wp\/v2\/media\/219848"}],"wp:attachment":[{"href":"https:\/\/grupotextil.es\/ca\/wp-json\/wp\/v2\/media?parent=219847"}],"wp:term":[{"taxonomy":"product_brand","embeddable":true,"href":"https:\/\/grupotextil.es\/ca\/wp-json\/wp\/v2\/product_brand?post=219847"},{"taxonomy":"product_cat","embeddable":true,"href":"https:\/\/grupotextil.es\/ca\/wp-json\/wp\/v2\/product_cat?post=219847"},{"taxonomy":"product_tag","embeddable":true,"href":"https:\/\/grupotextil.es\/ca\/wp-json\/wp\/v2\/product_tag?post=219847"}],"curies":[{"name":"wp","href":"https:\/\/api.w.org\/{rel}","templated":true}]}}