{"id":219916,"date":"2026-03-04T04:27:45","date_gmt":"2026-03-04T03:27:45","guid":{"rendered":"https:\/\/grupotextil.es\/producto\/agenda-de-anillas-a5-stamina-hera-8068\/"},"modified":"2026-03-04T06:15:45","modified_gmt":"2026-03-04T05:15:45","slug":"agenda-de-anillas-a5-stamina-hera-8068","status":"publish","type":"product","link":"https:\/\/grupotextil.es\/ca\/product\/agenda-de-anillas-a5-stamina-hera-8068\/","title":{"rendered":"Agenda de Anillas A5 Stamina Hera 8068"},"content":{"rendered":"<p>Agenda con anillas tama\u00f1o A5. Tapas de PU acolchadas con grabado bajo relieve. 348 p\u00e1ginas m\u00e1s 4 p\u00e1ginas con mapas. Gramaje del papel 60gsm. Papel interior de color blanco. Dise\u00f1o p\u00e1gina d\u00eda con esquinas troqueladas.<\/p>","protected":false},"excerpt":{"rendered":"<p>Agenda con anillas tama\u00f1o A5. Tapas de PU acolchadas con grabado bajo relieve. 348 p\u00e1ginas m\u00e1s 4 p\u00e1ginas con mapas. Gramaje del papel 60gsm. Papel interior de color blanco. Dise\u00f1o p\u00e1gina d\u00eda con esquinas troqueladas.<\/p>","protected":false},"featured_media":219917,"comment_status":"open","ping_status":"closed","template":"","meta":{"_acf_changed":false},"product_brand":[14012],"product_cat":[14006,13972],"product_tag":[],"class_list":{"0":"post-219916","1":"product","2":"type-product","3":"status-publish","4":"has-post-thumbnail","6":"product_brand-stamina","7":"product_cat-acc-merchandising","8":"product_cat-oficina-y-escritura","9":"tm-no-options","11":"first","12":"outofstock","13":"taxable","14":"shipping-taxable","15":"product-type-variable"},"acf":[],"_links":{"self":[{"href":"https:\/\/grupotextil.es\/ca\/wp-json\/wp\/v2\/product\/219916","targetHints":{"allow":["GET"]}}],"collection":[{"href":"https:\/\/grupotextil.es\/ca\/wp-json\/wp\/v2\/product"}],"about":[{"href":"https:\/\/grupotextil.es\/ca\/wp-json\/wp\/v2\/types\/product"}],"replies":[{"embeddable":true,"href":"https:\/\/grupotextil.es\/ca\/wp-json\/wp\/v2\/comments?post=219916"}],"wp:featuredmedia":[{"embeddable":true,"href":"https:\/\/grupotextil.es\/ca\/wp-json\/wp\/v2\/media\/219917"}],"wp:attachment":[{"href":"https:\/\/grupotextil.es\/ca\/wp-json\/wp\/v2\/media?parent=219916"}],"wp:term":[{"taxonomy":"product_brand","embeddable":true,"href":"https:\/\/grupotextil.es\/ca\/wp-json\/wp\/v2\/product_brand?post=219916"},{"taxonomy":"product_cat","embeddable":true,"href":"https:\/\/grupotextil.es\/ca\/wp-json\/wp\/v2\/product_cat?post=219916"},{"taxonomy":"product_tag","embeddable":true,"href":"https:\/\/grupotextil.es\/ca\/wp-json\/wp\/v2\/product_tag?post=219916"}],"curies":[{"name":"wp","href":"https:\/\/api.w.org\/{rel}","templated":true}]}}