{"id":219937,"date":"2026-03-04T04:28:36","date_gmt":"2026-03-04T03:28:36","guid":{"rendered":"https:\/\/grupotextil.es\/producto\/alfombrilla-para-raton-con-cargador-inalambrico-stamina-alax-3030\/"},"modified":"2026-03-04T06:15:45","modified_gmt":"2026-03-04T05:15:45","slug":"alfombrilla-para-raton-con-cargador-inalambrico-stamina-alax-3030","status":"publish","type":"product","link":"https:\/\/grupotextil.es\/ca\/product\/alfombrilla-para-raton-con-cargador-inalambrico-stamina-alax-3030\/","title":{"rendered":"Alfombrilla Para Rat\u00f3n con Cargador Inal\u00e1mbrico Stamina Alax 3030"},"content":{"rendered":"<p>Alfombrilla para mouse con cargador inal\u00e1mbrico integrado con potencia de 5W. Cuenta con una superficie suave plegable de corcho natural con base antideslizante. Con conexi\u00f3n a corriente mediante corriente e indicador luminoso. Compatible con dispositivos provistos de tecnolog\u00eda para este tipo de carga.<\/p>","protected":false},"excerpt":{"rendered":"<p>Alfombrilla para mouse con cargador inal\u00e1mbrico integrado con potencia de 5W. Cuenta con una superficie suave plegable de corcho natural con base antideslizante. Con conexi\u00f3n a corriente mediante corriente e indicador luminoso. Compatible con dispositivos provistos de tecnolog\u00eda para este tipo de carga.<\/p>","protected":false},"featured_media":219938,"comment_status":"open","ping_status":"closed","template":"","meta":{"_acf_changed":false},"product_brand":[14012],"product_cat":[14006,13972],"product_tag":[],"class_list":{"0":"post-219937","1":"product","2":"type-product","3":"status-publish","4":"has-post-thumbnail","6":"product_brand-stamina","7":"product_cat-acc-merchandising","8":"product_cat-oficina-y-escritura","9":"tm-no-options","11":"first","12":"instock","13":"taxable","14":"shipping-taxable","15":"product-type-variable"},"acf":[],"_links":{"self":[{"href":"https:\/\/grupotextil.es\/ca\/wp-json\/wp\/v2\/product\/219937","targetHints":{"allow":["GET"]}}],"collection":[{"href":"https:\/\/grupotextil.es\/ca\/wp-json\/wp\/v2\/product"}],"about":[{"href":"https:\/\/grupotextil.es\/ca\/wp-json\/wp\/v2\/types\/product"}],"replies":[{"embeddable":true,"href":"https:\/\/grupotextil.es\/ca\/wp-json\/wp\/v2\/comments?post=219937"}],"wp:featuredmedia":[{"embeddable":true,"href":"https:\/\/grupotextil.es\/ca\/wp-json\/wp\/v2\/media\/219938"}],"wp:attachment":[{"href":"https:\/\/grupotextil.es\/ca\/wp-json\/wp\/v2\/media?parent=219937"}],"wp:term":[{"taxonomy":"product_brand","embeddable":true,"href":"https:\/\/grupotextil.es\/ca\/wp-json\/wp\/v2\/product_brand?post=219937"},{"taxonomy":"product_cat","embeddable":true,"href":"https:\/\/grupotextil.es\/ca\/wp-json\/wp\/v2\/product_cat?post=219937"},{"taxonomy":"product_tag","embeddable":true,"href":"https:\/\/grupotextil.es\/ca\/wp-json\/wp\/v2\/product_tag?post=219937"}],"curies":[{"name":"wp","href":"https:\/\/api.w.org\/{rel}","templated":true}]}}