{"id":219981,"date":"2026-03-04T04:29:31","date_gmt":"2026-03-04T03:29:31","guid":{"rendered":"https:\/\/grupotextil.es\/producto\/boligrafo-con-pulsador-stamina-gildon-8080\/"},"modified":"2026-03-04T06:15:45","modified_gmt":"2026-03-04T05:15:45","slug":"boligrafo-con-pulsador-stamina-gildon-8080","status":"publish","type":"product","link":"https:\/\/grupotextil.es\/ca\/product\/boligrafo-con-pulsador-stamina-gildon-8080\/","title":{"rendered":"Bol\u00edgrafo con Pulsador Stamina Gildon 8080"},"content":{"rendered":"<p>Bol\u00edgrafo con cuerpo de bamb\u00fa y PLA.<\/p>","protected":false},"excerpt":{"rendered":"<p>Bol\u00edgrafo con cuerpo de bamb\u00fa y PLA.<\/p>","protected":false},"featured_media":219982,"comment_status":"open","ping_status":"closed","template":"","meta":{"_acf_changed":false},"product_brand":[14012],"product_cat":[14006,13972],"product_tag":[],"class_list":{"0":"post-219981","1":"product","2":"type-product","3":"status-publish","4":"has-post-thumbnail","6":"product_brand-stamina","7":"product_cat-acc-merchandising","8":"product_cat-oficina-y-escritura","9":"tm-no-options","11":"first","12":"instock","13":"taxable","14":"shipping-taxable","15":"product-type-variable"},"acf":[],"_links":{"self":[{"href":"https:\/\/grupotextil.es\/ca\/wp-json\/wp\/v2\/product\/219981","targetHints":{"allow":["GET"]}}],"collection":[{"href":"https:\/\/grupotextil.es\/ca\/wp-json\/wp\/v2\/product"}],"about":[{"href":"https:\/\/grupotextil.es\/ca\/wp-json\/wp\/v2\/types\/product"}],"replies":[{"embeddable":true,"href":"https:\/\/grupotextil.es\/ca\/wp-json\/wp\/v2\/comments?post=219981"}],"wp:featuredmedia":[{"embeddable":true,"href":"https:\/\/grupotextil.es\/ca\/wp-json\/wp\/v2\/media\/219982"}],"wp:attachment":[{"href":"https:\/\/grupotextil.es\/ca\/wp-json\/wp\/v2\/media?parent=219981"}],"wp:term":[{"taxonomy":"product_brand","embeddable":true,"href":"https:\/\/grupotextil.es\/ca\/wp-json\/wp\/v2\/product_brand?post=219981"},{"taxonomy":"product_cat","embeddable":true,"href":"https:\/\/grupotextil.es\/ca\/wp-json\/wp\/v2\/product_cat?post=219981"},{"taxonomy":"product_tag","embeddable":true,"href":"https:\/\/grupotextil.es\/ca\/wp-json\/wp\/v2\/product_tag?post=219981"}],"curies":[{"name":"wp","href":"https:\/\/api.w.org\/{rel}","templated":true}]}}