{"id":219992,"date":"2026-03-04T04:29:44","date_gmt":"2026-03-04T03:29:44","guid":{"rendered":"https:\/\/grupotextil.es\/producto\/bolsa-papel-stamina-olmo-7122\/"},"modified":"2026-03-04T06:15:45","modified_gmt":"2026-03-04T05:15:45","slug":"bolsa-papel-stamina-olmo-7122","status":"publish","type":"product","link":"https:\/\/grupotextil.es\/ca\/product\/bolsa-papel-stamina-olmo-7122\/","title":{"rendered":"Bolsa Papel Stamina Olmo 7122"},"content":{"rendered":"<p>Bolsa de papel de 80 g\/m\u00b2 en acabado natural. Asas cortas reforzadas de dise\u00f1o plano. Ideal para hosteler\u00eda y restauraci\u00f3n (take away).<\/p>","protected":false},"excerpt":{"rendered":"<p>Bolsa de papel de 80 g\/m\u00b2 en acabado natural. Asas cortas reforzadas de dise\u00f1o plano. Ideal para hosteler\u00eda y restauraci\u00f3n (take away).<\/p>","protected":false},"featured_media":219993,"comment_status":"open","ping_status":"closed","template":"","meta":{"_acf_changed":false},"product_brand":[14012],"product_cat":[13954],"product_tag":[],"class_list":{"0":"post-219992","1":"product","2":"type-product","3":"status-publish","4":"has-post-thumbnail","6":"product_brand-stamina","7":"product_cat-acc-bolsas-y-mochilas","8":"tm-no-options","10":"first","11":"outofstock","12":"taxable","13":"shipping-taxable","14":"product-type-variable"},"acf":[],"_links":{"self":[{"href":"https:\/\/grupotextil.es\/ca\/wp-json\/wp\/v2\/product\/219992","targetHints":{"allow":["GET"]}}],"collection":[{"href":"https:\/\/grupotextil.es\/ca\/wp-json\/wp\/v2\/product"}],"about":[{"href":"https:\/\/grupotextil.es\/ca\/wp-json\/wp\/v2\/types\/product"}],"replies":[{"embeddable":true,"href":"https:\/\/grupotextil.es\/ca\/wp-json\/wp\/v2\/comments?post=219992"}],"wp:featuredmedia":[{"embeddable":true,"href":"https:\/\/grupotextil.es\/ca\/wp-json\/wp\/v2\/media\/219993"}],"wp:attachment":[{"href":"https:\/\/grupotextil.es\/ca\/wp-json\/wp\/v2\/media?parent=219992"}],"wp:term":[{"taxonomy":"product_brand","embeddable":true,"href":"https:\/\/grupotextil.es\/ca\/wp-json\/wp\/v2\/product_brand?post=219992"},{"taxonomy":"product_cat","embeddable":true,"href":"https:\/\/grupotextil.es\/ca\/wp-json\/wp\/v2\/product_cat?post=219992"},{"taxonomy":"product_tag","embeddable":true,"href":"https:\/\/grupotextil.es\/ca\/wp-json\/wp\/v2\/product_tag?post=219992"}],"curies":[{"name":"wp","href":"https:\/\/api.w.org\/{rel}","templated":true}]}}