{"id":220188,"date":"2026-03-04T04:33:50","date_gmt":"2026-03-04T03:33:50","guid":{"rendered":"https:\/\/grupotextil.es\/producto\/boligrafo-con-marcador-fluor-stamina-arashi-8048\/"},"modified":"2026-03-04T06:15:47","modified_gmt":"2026-03-04T05:15:47","slug":"boligrafo-con-marcador-fluor-stamina-arashi-8048","status":"publish","type":"product","link":"https:\/\/grupotextil.es\/ca\/product\/boligrafo-con-marcador-fluor-stamina-arashi-8048\/","title":{"rendered":"Bol\u00edgrafo con Marcador Fl\u00faor Stamina Arashi 8048"},"content":{"rendered":"<p>Bol\u00edgrafo marcador 2 en 1 con dise\u00f1o transl\u00facido, realizado a partir de material RPET. Bol\u00edgrafo de tinta azul. Marcador en color fl\u00faor.<\/p>","protected":false},"excerpt":{"rendered":"<p>Bol\u00edgrafo marcador 2 en 1 con dise\u00f1o transl\u00facido, realizado a partir de material RPET. Bol\u00edgrafo de tinta azul. Marcador en color fl\u00faor.<\/p>","protected":false},"featured_media":220189,"comment_status":"open","ping_status":"closed","template":"","meta":{"_acf_changed":false},"product_brand":[14012],"product_cat":[14006,13972],"product_tag":[],"class_list":{"0":"post-220188","1":"product","2":"type-product","3":"status-publish","4":"has-post-thumbnail","6":"product_brand-stamina","7":"product_cat-acc-merchandising","8":"product_cat-oficina-y-escritura","9":"tm-no-options","11":"first","12":"instock","13":"taxable","14":"shipping-taxable","15":"product-type-variable"},"acf":[],"_links":{"self":[{"href":"https:\/\/grupotextil.es\/ca\/wp-json\/wp\/v2\/product\/220188","targetHints":{"allow":["GET"]}}],"collection":[{"href":"https:\/\/grupotextil.es\/ca\/wp-json\/wp\/v2\/product"}],"about":[{"href":"https:\/\/grupotextil.es\/ca\/wp-json\/wp\/v2\/types\/product"}],"replies":[{"embeddable":true,"href":"https:\/\/grupotextil.es\/ca\/wp-json\/wp\/v2\/comments?post=220188"}],"wp:featuredmedia":[{"embeddable":true,"href":"https:\/\/grupotextil.es\/ca\/wp-json\/wp\/v2\/media\/220189"}],"wp:attachment":[{"href":"https:\/\/grupotextil.es\/ca\/wp-json\/wp\/v2\/media?parent=220188"}],"wp:term":[{"taxonomy":"product_brand","embeddable":true,"href":"https:\/\/grupotextil.es\/ca\/wp-json\/wp\/v2\/product_brand?post=220188"},{"taxonomy":"product_cat","embeddable":true,"href":"https:\/\/grupotextil.es\/ca\/wp-json\/wp\/v2\/product_cat?post=220188"},{"taxonomy":"product_tag","embeddable":true,"href":"https:\/\/grupotextil.es\/ca\/wp-json\/wp\/v2\/product_tag?post=220188"}],"curies":[{"name":"wp","href":"https:\/\/api.w.org\/{rel}","templated":true}]}}