{"id":220198,"date":"2026-03-04T04:34:06","date_gmt":"2026-03-04T03:34:06","guid":{"rendered":"https:\/\/grupotextil.es\/producto\/set-de-escritura-de-carton-kraft-stamina-lizana-8064\/"},"modified":"2026-03-04T06:15:47","modified_gmt":"2026-03-04T05:15:47","slug":"set-de-escritura-de-carton-kraft-stamina-lizana-8064","status":"publish","type":"product","link":"https:\/\/grupotextil.es\/ca\/product\/set-de-escritura-de-carton-kraft-stamina-lizana-8064\/","title":{"rendered":"Set de Escritura de Cart\u00f3n Kraft Stamina Lizana 8064"},"content":{"rendered":"<p>Set de 5 piezas. Incluye bol\u00edgrafo con cuerpo de cart\u00f3n y tinta azul, l\u00e1piz de madera, sacapuntas, goma y regla de 15 cm.<\/p>","protected":false},"excerpt":{"rendered":"<p>Set de 5 piezas. Incluye bol\u00edgrafo con cuerpo de cart\u00f3n y tinta azul, l\u00e1piz de madera, sacapuntas, goma y regla de 15 cm.<\/p>","protected":false},"featured_media":220199,"comment_status":"open","ping_status":"closed","template":"","meta":{"_acf_changed":false},"product_brand":[14012],"product_cat":[14006,13972],"product_tag":[],"class_list":{"0":"post-220198","1":"product","2":"type-product","3":"status-publish","4":"has-post-thumbnail","6":"product_brand-stamina","7":"product_cat-acc-merchandising","8":"product_cat-oficina-y-escritura","9":"tm-no-options","11":"first","12":"instock","13":"taxable","14":"shipping-taxable","15":"product-type-variable"},"acf":[],"_links":{"self":[{"href":"https:\/\/grupotextil.es\/ca\/wp-json\/wp\/v2\/product\/220198","targetHints":{"allow":["GET"]}}],"collection":[{"href":"https:\/\/grupotextil.es\/ca\/wp-json\/wp\/v2\/product"}],"about":[{"href":"https:\/\/grupotextil.es\/ca\/wp-json\/wp\/v2\/types\/product"}],"replies":[{"embeddable":true,"href":"https:\/\/grupotextil.es\/ca\/wp-json\/wp\/v2\/comments?post=220198"}],"wp:featuredmedia":[{"embeddable":true,"href":"https:\/\/grupotextil.es\/ca\/wp-json\/wp\/v2\/media\/220199"}],"wp:attachment":[{"href":"https:\/\/grupotextil.es\/ca\/wp-json\/wp\/v2\/media?parent=220198"}],"wp:term":[{"taxonomy":"product_brand","embeddable":true,"href":"https:\/\/grupotextil.es\/ca\/wp-json\/wp\/v2\/product_brand?post=220198"},{"taxonomy":"product_cat","embeddable":true,"href":"https:\/\/grupotextil.es\/ca\/wp-json\/wp\/v2\/product_cat?post=220198"},{"taxonomy":"product_tag","embeddable":true,"href":"https:\/\/grupotextil.es\/ca\/wp-json\/wp\/v2\/product_tag?post=220198"}],"curies":[{"name":"wp","href":"https:\/\/api.w.org\/{rel}","templated":true}]}}