{"id":220251,"date":"2026-03-04T04:35:13","date_gmt":"2026-03-04T03:35:13","guid":{"rendered":"https:\/\/grupotextil.es\/producto\/bidon-de-cristal-stamina-alfe-4037\/"},"modified":"2026-03-04T06:15:48","modified_gmt":"2026-03-04T05:15:48","slug":"bidon-de-cristal-stamina-alfe-4037","status":"publish","type":"product","link":"https:\/\/grupotextil.es\/ca\/product\/bidon-de-cristal-stamina-alfe-4037\/","title":{"rendered":"Bid\u00f3n de Cristal Stamina Alfe 4037"},"content":{"rendered":"<p>Bid\u00f3n de cristal con capacidad de 500ml disponible. Gran variedad de colores, con tapa enroscable de acero inoxidable y de f\u00e1cil transporte, gracias a su cinta, en color gris.<\/p>","protected":false},"excerpt":{"rendered":"<p>Bid\u00f3n de cristal con capacidad de 500ml disponible. Gran variedad de colores, con tapa enroscable de acero inoxidable y de f\u00e1cil transporte, gracias a su cinta, en color gris.<\/p>","protected":false},"featured_media":220252,"comment_status":"open","ping_status":"closed","template":"","meta":{"_acf_changed":false},"product_brand":[14012],"product_cat":[13958,14006,13971],"product_tag":[],"class_list":{"0":"post-220251","1":"product","2":"type-product","3":"status-publish","4":"has-post-thumbnail","6":"product_brand-stamina","7":"product_cat-mr-botellas-y-termos","8":"product_cat-acc-merchandising","9":"product_cat-mr-tazas","10":"tm-no-options","12":"first","13":"instock","14":"taxable","15":"shipping-taxable","16":"product-type-variable"},"acf":[],"_links":{"self":[{"href":"https:\/\/grupotextil.es\/ca\/wp-json\/wp\/v2\/product\/220251","targetHints":{"allow":["GET"]}}],"collection":[{"href":"https:\/\/grupotextil.es\/ca\/wp-json\/wp\/v2\/product"}],"about":[{"href":"https:\/\/grupotextil.es\/ca\/wp-json\/wp\/v2\/types\/product"}],"replies":[{"embeddable":true,"href":"https:\/\/grupotextil.es\/ca\/wp-json\/wp\/v2\/comments?post=220251"}],"wp:featuredmedia":[{"embeddable":true,"href":"https:\/\/grupotextil.es\/ca\/wp-json\/wp\/v2\/media\/220252"}],"wp:attachment":[{"href":"https:\/\/grupotextil.es\/ca\/wp-json\/wp\/v2\/media?parent=220251"}],"wp:term":[{"taxonomy":"product_brand","embeddable":true,"href":"https:\/\/grupotextil.es\/ca\/wp-json\/wp\/v2\/product_brand?post=220251"},{"taxonomy":"product_cat","embeddable":true,"href":"https:\/\/grupotextil.es\/ca\/wp-json\/wp\/v2\/product_cat?post=220251"},{"taxonomy":"product_tag","embeddable":true,"href":"https:\/\/grupotextil.es\/ca\/wp-json\/wp\/v2\/product_tag?post=220251"}],"curies":[{"name":"wp","href":"https:\/\/api.w.org\/{rel}","templated":true}]}}