{"id":220264,"date":"2026-03-04T04:35:28","date_gmt":"2026-03-04T03:35:28","guid":{"rendered":"https:\/\/grupotextil.es\/producto\/bidon-stamina-kinkan-4038\/"},"modified":"2026-03-04T06:15:48","modified_gmt":"2026-03-04T05:15:48","slug":"bidon-stamina-kinkan-4038","status":"publish","type":"product","link":"https:\/\/grupotextil.es\/ca\/product\/bidon-stamina-kinkan-4038\/","title":{"rendered":"Bid\u00f3n Stamina Kinkan 4038"},"content":{"rendered":"<p>Bid\u00f3n de trit\u00e1n con cuerpo en color transl\u00facido con tap\u00f3n a juego con asa de transporte integrada. Capacidad 650 ml. Cuenta con gran variedad de colores.<\/p>","protected":false},"excerpt":{"rendered":"<p>Bid\u00f3n de trit\u00e1n con cuerpo en color transl\u00facido con tap\u00f3n a juego con asa de transporte integrada. Capacidad 650 ml. Cuenta con gran variedad de colores.<\/p>","protected":false},"featured_media":220265,"comment_status":"open","ping_status":"closed","template":"","meta":{"_acf_changed":false},"product_brand":[14012],"product_cat":[13958,14006,13971],"product_tag":[],"class_list":{"0":"post-220264","1":"product","2":"type-product","3":"status-publish","4":"has-post-thumbnail","6":"product_brand-stamina","7":"product_cat-mr-botellas-y-termos","8":"product_cat-acc-merchandising","9":"product_cat-mr-tazas","10":"tm-no-options","12":"first","13":"instock","14":"taxable","15":"shipping-taxable","16":"product-type-variable"},"acf":[],"_links":{"self":[{"href":"https:\/\/grupotextil.es\/ca\/wp-json\/wp\/v2\/product\/220264","targetHints":{"allow":["GET"]}}],"collection":[{"href":"https:\/\/grupotextil.es\/ca\/wp-json\/wp\/v2\/product"}],"about":[{"href":"https:\/\/grupotextil.es\/ca\/wp-json\/wp\/v2\/types\/product"}],"replies":[{"embeddable":true,"href":"https:\/\/grupotextil.es\/ca\/wp-json\/wp\/v2\/comments?post=220264"}],"wp:featuredmedia":[{"embeddable":true,"href":"https:\/\/grupotextil.es\/ca\/wp-json\/wp\/v2\/media\/220265"}],"wp:attachment":[{"href":"https:\/\/grupotextil.es\/ca\/wp-json\/wp\/v2\/media?parent=220264"}],"wp:term":[{"taxonomy":"product_brand","embeddable":true,"href":"https:\/\/grupotextil.es\/ca\/wp-json\/wp\/v2\/product_brand?post=220264"},{"taxonomy":"product_cat","embeddable":true,"href":"https:\/\/grupotextil.es\/ca\/wp-json\/wp\/v2\/product_cat?post=220264"},{"taxonomy":"product_tag","embeddable":true,"href":"https:\/\/grupotextil.es\/ca\/wp-json\/wp\/v2\/product_tag?post=220264"}],"curies":[{"name":"wp","href":"https:\/\/api.w.org\/{rel}","templated":true}]}}