{"id":220352,"date":"2026-03-04T04:37:30","date_gmt":"2026-03-04T03:37:30","guid":{"rendered":"https:\/\/grupotextil.es\/producto\/taza-magica-de-ceramica-stamina-okra-4085\/"},"modified":"2026-03-04T06:15:48","modified_gmt":"2026-03-04T05:15:48","slug":"taza-magica-de-ceramica-stamina-okra-4085","status":"publish","type":"product","link":"https:\/\/grupotextil.es\/ca\/product\/taza-magica-de-ceramica-stamina-okra-4085\/","title":{"rendered":"Taza M\u00e1gica de Cer\u00e1mica Stamina Okra 4085"},"content":{"rendered":"<p>Taza m\u00e1gica de cer\u00e1mica de 350 ml. en acabado mate. Vierte l\u00edquido caliente en ella y descubre el dise\u00f1o escondido.<\/p>","protected":false},"excerpt":{"rendered":"<p>Taza m\u00e1gica de cer\u00e1mica de 350 ml. en acabado mate. Vierte l\u00edquido caliente en ella y descubre el dise\u00f1o escondido.<\/p>","protected":false},"featured_media":220353,"comment_status":"open","ping_status":"closed","template":"","meta":{"_acf_changed":false},"product_brand":[14012],"product_cat":[14006,13971],"product_tag":[],"class_list":{"0":"post-220352","1":"product","2":"type-product","3":"status-publish","4":"has-post-thumbnail","6":"product_brand-stamina","7":"product_cat-acc-merchandising","8":"product_cat-mr-tazas","9":"tm-no-options","11":"first","12":"instock","13":"taxable","14":"shipping-taxable","15":"product-type-variable"},"acf":[],"_links":{"self":[{"href":"https:\/\/grupotextil.es\/ca\/wp-json\/wp\/v2\/product\/220352","targetHints":{"allow":["GET"]}}],"collection":[{"href":"https:\/\/grupotextil.es\/ca\/wp-json\/wp\/v2\/product"}],"about":[{"href":"https:\/\/grupotextil.es\/ca\/wp-json\/wp\/v2\/types\/product"}],"replies":[{"embeddable":true,"href":"https:\/\/grupotextil.es\/ca\/wp-json\/wp\/v2\/comments?post=220352"}],"wp:featuredmedia":[{"embeddable":true,"href":"https:\/\/grupotextil.es\/ca\/wp-json\/wp\/v2\/media\/220353"}],"wp:attachment":[{"href":"https:\/\/grupotextil.es\/ca\/wp-json\/wp\/v2\/media?parent=220352"}],"wp:term":[{"taxonomy":"product_brand","embeddable":true,"href":"https:\/\/grupotextil.es\/ca\/wp-json\/wp\/v2\/product_brand?post=220352"},{"taxonomy":"product_cat","embeddable":true,"href":"https:\/\/grupotextil.es\/ca\/wp-json\/wp\/v2\/product_cat?post=220352"},{"taxonomy":"product_tag","embeddable":true,"href":"https:\/\/grupotextil.es\/ca\/wp-json\/wp\/v2\/product_tag?post=220352"}],"curies":[{"name":"wp","href":"https:\/\/api.w.org\/{rel}","templated":true}]}}