{"id":220531,"date":"2026-03-04T04:41:17","date_gmt":"2026-03-04T03:41:17","guid":{"rendered":"https:\/\/grupotextil.es\/producto\/cargador-inalambrico-con-organizador-de-bambu-natural-stamina-core-3024\/"},"modified":"2026-03-04T06:15:50","modified_gmt":"2026-03-04T05:15:50","slug":"cargador-inalambrico-con-organizador-de-bambu-natural-stamina-core-3024","status":"publish","type":"product","link":"https:\/\/grupotextil.es\/ca\/product\/cargador-inalambrico-con-organizador-de-bambu-natural-stamina-core-3024\/","title":{"rendered":"Cargador Inal\u00e1mbrico con Organizador de Bamb\u00fa Natural Stamina Core 3024"},"content":{"rendered":"<p><strong>PRODUCTO QUE SE DESCATALOGAR\u00c1 CUANDO SE AGOTEN LAS EXISTENCIAS<\/strong> \u2013 Cargador inal\u00e1mbrico de bamb\u00fa integrado en bandeja organizadora con departamentos para diferentes objetos. Compatible con dispositivos provistos de tecnolog\u00eda de carga inal\u00e1mbrica. Con 5W de potencia de salida de carga inal\u00e1mbrica. Cuenta con indicador luminoso de carga y cable de conexi\u00f3n USB integrado.<\/p>","protected":false},"excerpt":{"rendered":"<p><strong>PRODUCTO QUE SE DESCATALOGAR\u00c1 CUANDO SE AGOTEN LAS EXISTENCIAS<\/strong> \u2013 Cargador inal\u00e1mbrico de bamb\u00fa integrado en bandeja organizadora con departamentos para diferentes objetos. Compatible con dispositivos provistos de tecnolog\u00eda de carga inal\u00e1mbrica. Con 5W de potencia de salida de carga inal\u00e1mbrica. Cuenta con indicador luminoso de carga y cable de conexi\u00f3n USB integrado.<\/p>","protected":false},"featured_media":220532,"comment_status":"open","ping_status":"closed","template":"","meta":{"_acf_changed":false},"product_brand":[14012],"product_cat":[14006,13959],"product_tag":[],"class_list":{"0":"post-220531","1":"product","2":"type-product","3":"status-publish","4":"has-post-thumbnail","6":"product_brand-stamina","7":"product_cat-acc-merchandising","8":"product_cat-mr-tecnologia","9":"tm-no-options","11":"first","12":"instock","13":"taxable","14":"shipping-taxable","15":"product-type-variable"},"acf":[],"_links":{"self":[{"href":"https:\/\/grupotextil.es\/ca\/wp-json\/wp\/v2\/product\/220531","targetHints":{"allow":["GET"]}}],"collection":[{"href":"https:\/\/grupotextil.es\/ca\/wp-json\/wp\/v2\/product"}],"about":[{"href":"https:\/\/grupotextil.es\/ca\/wp-json\/wp\/v2\/types\/product"}],"replies":[{"embeddable":true,"href":"https:\/\/grupotextil.es\/ca\/wp-json\/wp\/v2\/comments?post=220531"}],"wp:featuredmedia":[{"embeddable":true,"href":"https:\/\/grupotextil.es\/ca\/wp-json\/wp\/v2\/media\/220532"}],"wp:attachment":[{"href":"https:\/\/grupotextil.es\/ca\/wp-json\/wp\/v2\/media?parent=220531"}],"wp:term":[{"taxonomy":"product_brand","embeddable":true,"href":"https:\/\/grupotextil.es\/ca\/wp-json\/wp\/v2\/product_brand?post=220531"},{"taxonomy":"product_cat","embeddable":true,"href":"https:\/\/grupotextil.es\/ca\/wp-json\/wp\/v2\/product_cat?post=220531"},{"taxonomy":"product_tag","embeddable":true,"href":"https:\/\/grupotextil.es\/ca\/wp-json\/wp\/v2\/product_tag?post=220531"}],"curies":[{"name":"wp","href":"https:\/\/api.w.org\/{rel}","templated":true}]}}