{"id":220537,"date":"2026-03-04T04:41:27","date_gmt":"2026-03-04T03:41:27","guid":{"rendered":"https:\/\/grupotextil.es\/producto\/auriculares-inalambricos-bluetooth-5-0-stamina-blues-3026\/"},"modified":"2026-03-04T06:15:50","modified_gmt":"2026-03-04T05:15:50","slug":"auriculares-inalambricos-bluetooth-5-0-stamina-blues-3026","status":"publish","type":"product","link":"https:\/\/grupotextil.es\/ca\/product\/auriculares-inalambricos-bluetooth-5-0-stamina-blues-3026\/","title":{"rendered":"Auriculares Inal\u00e1mbricos Bluetooth 5.0 Stamina Blues 3026"},"content":{"rendered":"<p>Auriculares inal\u00e1mbricos con estuche elaborado en bamb\u00fa. Con conexi\u00f3n Bluetooth y funci\u00f3n de manos libres. El control de manos libres se puede realizar mediante bot\u00f3n t\u00e1ctil integrado en cada auricular. Cuenta con funci\u00f3n de reproducci\u00f3n de audio con control de pistas y volumen.<\/p>","protected":false},"excerpt":{"rendered":"<p>Auriculares inal\u00e1mbricos con estuche elaborado en bamb\u00fa. Con conexi\u00f3n Bluetooth y funci\u00f3n de manos libres. El control de manos libres se puede realizar mediante bot\u00f3n t\u00e1ctil integrado en cada auricular. Cuenta con funci\u00f3n de reproducci\u00f3n de audio con control de pistas y volumen.<\/p>","protected":false},"featured_media":220538,"comment_status":"open","ping_status":"closed","template":"","meta":{"_acf_changed":false},"product_brand":[14012],"product_cat":[14006,13959],"product_tag":[],"class_list":{"0":"post-220537","1":"product","2":"type-product","3":"status-publish","4":"has-post-thumbnail","6":"product_brand-stamina","7":"product_cat-acc-merchandising","8":"product_cat-mr-tecnologia","9":"tm-no-options","11":"first","12":"outofstock","13":"taxable","14":"shipping-taxable","15":"product-type-variable"},"acf":[],"_links":{"self":[{"href":"https:\/\/grupotextil.es\/ca\/wp-json\/wp\/v2\/product\/220537","targetHints":{"allow":["GET"]}}],"collection":[{"href":"https:\/\/grupotextil.es\/ca\/wp-json\/wp\/v2\/product"}],"about":[{"href":"https:\/\/grupotextil.es\/ca\/wp-json\/wp\/v2\/types\/product"}],"replies":[{"embeddable":true,"href":"https:\/\/grupotextil.es\/ca\/wp-json\/wp\/v2\/comments?post=220537"}],"wp:featuredmedia":[{"embeddable":true,"href":"https:\/\/grupotextil.es\/ca\/wp-json\/wp\/v2\/media\/220538"}],"wp:attachment":[{"href":"https:\/\/grupotextil.es\/ca\/wp-json\/wp\/v2\/media?parent=220537"}],"wp:term":[{"taxonomy":"product_brand","embeddable":true,"href":"https:\/\/grupotextil.es\/ca\/wp-json\/wp\/v2\/product_brand?post=220537"},{"taxonomy":"product_cat","embeddable":true,"href":"https:\/\/grupotextil.es\/ca\/wp-json\/wp\/v2\/product_cat?post=220537"},{"taxonomy":"product_tag","embeddable":true,"href":"https:\/\/grupotextil.es\/ca\/wp-json\/wp\/v2\/product_tag?post=220537"}],"curies":[{"name":"wp","href":"https:\/\/api.w.org\/{rel}","templated":true}]}}