{"id":220561,"date":"2026-03-04T04:41:57","date_gmt":"2026-03-04T03:41:57","guid":{"rendered":"https:\/\/grupotextil.es\/producto\/boligrafo-multi-herramienta-stamina-kanchan-8024\/"},"modified":"2026-03-04T06:15:50","modified_gmt":"2026-03-04T05:15:50","slug":"boligrafo-multi-herramienta-stamina-kanchan-8024","status":"publish","type":"product","link":"https:\/\/grupotextil.es\/ca\/product\/boligrafo-multi-herramienta-stamina-kanchan-8024\/","title":{"rendered":"Bol\u00edgrafo Multi-Herramienta Stamina Kanchan 8024"},"content":{"rendered":"<p>Bol\u00edgrafo giratorio multi-herramienta 4 en 1, con funci\u00f3n nivel, regla en cent\u00edmetros y pulgadas, destornillador plano y destornillador en estrella. Cuerpo disponible en varios colores. Tinta azul.<\/p>","protected":false},"excerpt":{"rendered":"<p>Bol\u00edgrafo giratorio multi-herramienta 4 en 1, con funci\u00f3n nivel, regla en cent\u00edmetros y pulgadas, destornillador plano y destornillador en estrella. Cuerpo disponible en varios colores. Tinta azul.<\/p>","protected":false},"featured_media":220562,"comment_status":"open","ping_status":"closed","template":"","meta":{"_acf_changed":false},"product_brand":[14012],"product_cat":[14006,13972],"product_tag":[],"class_list":{"0":"post-220561","1":"product","2":"type-product","3":"status-publish","4":"has-post-thumbnail","6":"product_brand-stamina","7":"product_cat-acc-merchandising","8":"product_cat-oficina-y-escritura","9":"tm-no-options","11":"first","12":"instock","13":"taxable","14":"shipping-taxable","15":"product-type-variable"},"acf":[],"_links":{"self":[{"href":"https:\/\/grupotextil.es\/ca\/wp-json\/wp\/v2\/product\/220561","targetHints":{"allow":["GET"]}}],"collection":[{"href":"https:\/\/grupotextil.es\/ca\/wp-json\/wp\/v2\/product"}],"about":[{"href":"https:\/\/grupotextil.es\/ca\/wp-json\/wp\/v2\/types\/product"}],"replies":[{"embeddable":true,"href":"https:\/\/grupotextil.es\/ca\/wp-json\/wp\/v2\/comments?post=220561"}],"wp:featuredmedia":[{"embeddable":true,"href":"https:\/\/grupotextil.es\/ca\/wp-json\/wp\/v2\/media\/220562"}],"wp:attachment":[{"href":"https:\/\/grupotextil.es\/ca\/wp-json\/wp\/v2\/media?parent=220561"}],"wp:term":[{"taxonomy":"product_brand","embeddable":true,"href":"https:\/\/grupotextil.es\/ca\/wp-json\/wp\/v2\/product_brand?post=220561"},{"taxonomy":"product_cat","embeddable":true,"href":"https:\/\/grupotextil.es\/ca\/wp-json\/wp\/v2\/product_cat?post=220561"},{"taxonomy":"product_tag","embeddable":true,"href":"https:\/\/grupotextil.es\/ca\/wp-json\/wp\/v2\/product_tag?post=220561"}],"curies":[{"name":"wp","href":"https:\/\/api.w.org\/{rel}","templated":true}]}}