{"id":220609,"date":"2026-03-04T04:43:03","date_gmt":"2026-03-04T03:43:03","guid":{"rendered":"https:\/\/grupotextil.es\/producto\/sudadera-fruit-of-the-loom-manga-montada-62-202-0-d\/"},"modified":"2026-03-10T01:58:54","modified_gmt":"2026-03-10T00:58:54","slug":"sudadera-fruit-of-the-loom-manga-montada-62-202-0-d","status":"publish","type":"product","link":"https:\/\/grupotextil.es\/ca\/product\/sudadera-fruit-of-the-loom-manga-montada-62-202-0-d\/","title":{"rendered":"Sudadera Fruit Of The Loom Manga Montada 62-202-0-D"},"content":{"rendered":"<p>Cuello en canal\u00e9; Encintado de hombro a hombro; Pu\u00f1os y bajos en canal\u00e9; Puntadas a doble aguja en sisas y cuello; Tejido tubular<\/p>","protected":false},"excerpt":{"rendered":"<p>Cuello en canal\u00e9; Encintado de hombro a hombro; Pu\u00f1os y bajos en canal\u00e9; Puntadas a doble aguja en sisas y cuello; Tejido tubular<\/p>","protected":false},"featured_media":220610,"comment_status":"open","ping_status":"closed","template":"","meta":{"_acf_changed":false},"product_brand":[],"product_cat":[13975,13973,13989],"product_tag":[],"class_list":{"0":"post-220609","1":"product","2":"type-product","3":"status-publish","4":"has-post-thumbnail","6":"product_cat-ropa-mujer","7":"product_cat-ropa","8":"product_cat-m-sudaderas","9":"tm-no-options","11":"first","12":"instock","13":"taxable","14":"shipping-taxable","15":"product-type-variable"},"acf":[],"_links":{"self":[{"href":"https:\/\/grupotextil.es\/ca\/wp-json\/wp\/v2\/product\/220609","targetHints":{"allow":["GET"]}}],"collection":[{"href":"https:\/\/grupotextil.es\/ca\/wp-json\/wp\/v2\/product"}],"about":[{"href":"https:\/\/grupotextil.es\/ca\/wp-json\/wp\/v2\/types\/product"}],"replies":[{"embeddable":true,"href":"https:\/\/grupotextil.es\/ca\/wp-json\/wp\/v2\/comments?post=220609"}],"wp:featuredmedia":[{"embeddable":true,"href":"https:\/\/grupotextil.es\/ca\/wp-json\/wp\/v2\/media\/220610"}],"wp:attachment":[{"href":"https:\/\/grupotextil.es\/ca\/wp-json\/wp\/v2\/media?parent=220609"}],"wp:term":[{"taxonomy":"product_brand","embeddable":true,"href":"https:\/\/grupotextil.es\/ca\/wp-json\/wp\/v2\/product_brand?post=220609"},{"taxonomy":"product_cat","embeddable":true,"href":"https:\/\/grupotextil.es\/ca\/wp-json\/wp\/v2\/product_cat?post=220609"},{"taxonomy":"product_tag","embeddable":true,"href":"https:\/\/grupotextil.es\/ca\/wp-json\/wp\/v2\/product_tag?post=220609"}],"curies":[{"name":"wp","href":"https:\/\/api.w.org\/{rel}","templated":true}]}}