{"id":220723,"date":"2026-03-04T04:44:13","date_gmt":"2026-03-04T03:44:13","guid":{"rendered":"https:\/\/grupotextil.es\/producto\/outlet-boligrafo-anti-bacterias-con-pulsador-y-pulverizador-recargable-stamina-farber-8022\/"},"modified":"2026-03-04T06:15:51","modified_gmt":"2026-03-04T05:15:51","slug":"outlet-boligrafo-anti-bacterias-con-pulsador-y-pulverizador-recargable-stamina-farber-8022","status":"publish","type":"product","link":"https:\/\/grupotextil.es\/ca\/product\/outlet-boligrafo-anti-bacterias-con-pulsador-y-pulverizador-recargable-stamina-farber-8022\/","title":{"rendered":"*OUTLET* Bol\u00edgrafo Anti Bacterias con Pulsador y Pulverizador Recargable Stamina Farber 8022"},"content":{"rendered":"<p>Bol\u00edgrafo higienizante anti-bacterias multifunci\u00f3n, con pulverizador recargable y puntero t\u00e1ctil. Capacidad 3 ml. (l\u00edquido no incluido). Tinta azul.<\/p>","protected":false},"excerpt":{"rendered":"<p>Bol\u00edgrafo higienizante anti-bacterias multifunci\u00f3n, con pulverizador recargable y puntero t\u00e1ctil. Capacidad 3 ml. (l\u00edquido no incluido). Tinta azul.<\/p>","protected":false},"featured_media":220724,"comment_status":"open","ping_status":"closed","template":"","meta":{"_acf_changed":false},"product_brand":[14012],"product_cat":[13973],"product_tag":[],"class_list":{"0":"post-220723","1":"product","2":"type-product","3":"status-publish","4":"has-post-thumbnail","6":"product_brand-stamina","7":"product_cat-ropa","8":"tm-no-options","10":"first","11":"outofstock","12":"taxable","13":"shipping-taxable","14":"product-type-variable"},"acf":[],"_links":{"self":[{"href":"https:\/\/grupotextil.es\/ca\/wp-json\/wp\/v2\/product\/220723","targetHints":{"allow":["GET"]}}],"collection":[{"href":"https:\/\/grupotextil.es\/ca\/wp-json\/wp\/v2\/product"}],"about":[{"href":"https:\/\/grupotextil.es\/ca\/wp-json\/wp\/v2\/types\/product"}],"replies":[{"embeddable":true,"href":"https:\/\/grupotextil.es\/ca\/wp-json\/wp\/v2\/comments?post=220723"}],"wp:featuredmedia":[{"embeddable":true,"href":"https:\/\/grupotextil.es\/ca\/wp-json\/wp\/v2\/media\/220724"}],"wp:attachment":[{"href":"https:\/\/grupotextil.es\/ca\/wp-json\/wp\/v2\/media?parent=220723"}],"wp:term":[{"taxonomy":"product_brand","embeddable":true,"href":"https:\/\/grupotextil.es\/ca\/wp-json\/wp\/v2\/product_brand?post=220723"},{"taxonomy":"product_cat","embeddable":true,"href":"https:\/\/grupotextil.es\/ca\/wp-json\/wp\/v2\/product_cat?post=220723"},{"taxonomy":"product_tag","embeddable":true,"href":"https:\/\/grupotextil.es\/ca\/wp-json\/wp\/v2\/product_tag?post=220723"}],"curies":[{"name":"wp","href":"https:\/\/api.w.org\/{rel}","templated":true}]}}