{"id":220851,"date":"2026-03-04T04:46:21","date_gmt":"2026-03-04T03:46:21","guid":{"rendered":"https:\/\/grupotextil.es\/producto\/mochila-de-loneta-stanley-stella-gym-bag-stau763\/"},"modified":"2026-03-04T06:15:51","modified_gmt":"2026-03-04T05:15:51","slug":"mochila-de-loneta-stanley-stella-gym-bag-stau763","status":"publish","type":"product","link":"https:\/\/grupotextil.es\/ca\/product\/mochila-de-loneta-stanley-stella-gym-bag-stau763\/","title":{"rendered":"Mochila de loneta Stanley\/Stella Gym Bag STAU763"},"content":{"rendered":"<p>Acabado de calidad y duradero del carril de paso del cord\u00f3n de ajuste Puntos de refuerzo en el carril de paso del cord\u00f3n Cord\u00f3n grueso con extremo acabado en nudo Ojales y puntas del cord\u00f3n en metal color bronce Refuerzos triangulares en esquinas inferiores<\/p>","protected":false},"excerpt":{"rendered":"<p>Acabado de calidad y duradero del carril de paso del cord\u00f3n de ajuste Puntos de refuerzo en el carril de paso del cord\u00f3n Cord\u00f3n grueso con extremo acabado en nudo Ojales y puntas del cord\u00f3n en metal color bronce Refuerzos triangulares en esquinas inferiores<\/p>","protected":false},"featured_media":220852,"comment_status":"open","ping_status":"closed","template":"","meta":{"_acf_changed":false},"product_brand":[14178],"product_cat":[13948],"product_tag":[],"class_list":{"0":"post-220851","1":"product","2":"type-product","3":"status-publish","4":"has-post-thumbnail","6":"product_brand-stanley-stella","7":"product_cat-accesorios","8":"tm-no-options","10":"first","11":"instock","12":"taxable","13":"shipping-taxable","14":"product-type-variable"},"acf":[],"_links":{"self":[{"href":"https:\/\/grupotextil.es\/ca\/wp-json\/wp\/v2\/product\/220851","targetHints":{"allow":["GET"]}}],"collection":[{"href":"https:\/\/grupotextil.es\/ca\/wp-json\/wp\/v2\/product"}],"about":[{"href":"https:\/\/grupotextil.es\/ca\/wp-json\/wp\/v2\/types\/product"}],"replies":[{"embeddable":true,"href":"https:\/\/grupotextil.es\/ca\/wp-json\/wp\/v2\/comments?post=220851"}],"wp:featuredmedia":[{"embeddable":true,"href":"https:\/\/grupotextil.es\/ca\/wp-json\/wp\/v2\/media\/220852"}],"wp:attachment":[{"href":"https:\/\/grupotextil.es\/ca\/wp-json\/wp\/v2\/media?parent=220851"}],"wp:term":[{"taxonomy":"product_brand","embeddable":true,"href":"https:\/\/grupotextil.es\/ca\/wp-json\/wp\/v2\/product_brand?post=220851"},{"taxonomy":"product_cat","embeddable":true,"href":"https:\/\/grupotextil.es\/ca\/wp-json\/wp\/v2\/product_cat?post=220851"},{"taxonomy":"product_tag","embeddable":true,"href":"https:\/\/grupotextil.es\/ca\/wp-json\/wp\/v2\/product_tag?post=220851"}],"curies":[{"name":"wp","href":"https:\/\/api.w.org\/{rel}","templated":true}]}}