{"id":221018,"date":"2026-03-04T04:48:25","date_gmt":"2026-03-04T03:48:25","guid":{"rendered":"https:\/\/grupotextil.es\/producto\/bidon-de-aluminio-con-mosqueton-a-juego-stamina-yaca-4004\/"},"modified":"2026-03-04T06:15:52","modified_gmt":"2026-03-04T05:15:52","slug":"bidon-de-aluminio-con-mosqueton-a-juego-stamina-yaca-4004","status":"publish","type":"product","link":"https:\/\/grupotextil.es\/ca\/product\/bidon-de-aluminio-con-mosqueton-a-juego-stamina-yaca-4004\/","title":{"rendered":"Bid\u00f3n de Aluminio con Mosquet\u00f3n a Juego Stamina Yaca 4004"},"content":{"rendered":"<p><strong>PRODUCTO QUE SE DESCATALOGAR\u00c1 CUANDO SE AGOTEN LAS EXISTENCIAS<\/strong> \u2013 Bid\u00f3n de aluminio con mosquet\u00f3n. Tap\u00f3n en color negro y mosquet\u00f3n del mismo color met\u00e1lico que la botella. Capacidad 330 ml. Su tama\u00f1o facilita que puedas llevarlo contigo siempre.<\/p>","protected":false},"excerpt":{"rendered":"<p><strong>PRODUCTO QUE SE DESCATALOGAR\u00c1 CUANDO SE AGOTEN LAS EXISTENCIAS<\/strong> \u2013 Bid\u00f3n de aluminio con mosquet\u00f3n. Tap\u00f3n en color negro y mosquet\u00f3n del mismo color met\u00e1lico que la botella. Capacidad 330 ml. Su tama\u00f1o facilita que puedas llevarlo contigo siempre.<\/p>","protected":false},"featured_media":221019,"comment_status":"open","ping_status":"closed","template":"","meta":{"_acf_changed":false},"product_brand":[14012],"product_cat":[13958,14006,13971],"product_tag":[],"class_list":{"0":"post-221018","1":"product","2":"type-product","3":"status-publish","4":"has-post-thumbnail","6":"product_brand-stamina","7":"product_cat-mr-botellas-y-termos","8":"product_cat-acc-merchandising","9":"product_cat-mr-tazas","10":"tm-no-options","12":"first","13":"instock","14":"taxable","15":"shipping-taxable","16":"product-type-variable"},"acf":[],"_links":{"self":[{"href":"https:\/\/grupotextil.es\/ca\/wp-json\/wp\/v2\/product\/221018","targetHints":{"allow":["GET"]}}],"collection":[{"href":"https:\/\/grupotextil.es\/ca\/wp-json\/wp\/v2\/product"}],"about":[{"href":"https:\/\/grupotextil.es\/ca\/wp-json\/wp\/v2\/types\/product"}],"replies":[{"embeddable":true,"href":"https:\/\/grupotextil.es\/ca\/wp-json\/wp\/v2\/comments?post=221018"}],"wp:featuredmedia":[{"embeddable":true,"href":"https:\/\/grupotextil.es\/ca\/wp-json\/wp\/v2\/media\/221019"}],"wp:attachment":[{"href":"https:\/\/grupotextil.es\/ca\/wp-json\/wp\/v2\/media?parent=221018"}],"wp:term":[{"taxonomy":"product_brand","embeddable":true,"href":"https:\/\/grupotextil.es\/ca\/wp-json\/wp\/v2\/product_brand?post=221018"},{"taxonomy":"product_cat","embeddable":true,"href":"https:\/\/grupotextil.es\/ca\/wp-json\/wp\/v2\/product_cat?post=221018"},{"taxonomy":"product_tag","embeddable":true,"href":"https:\/\/grupotextil.es\/ca\/wp-json\/wp\/v2\/product_tag?post=221018"}],"curies":[{"name":"wp","href":"https:\/\/api.w.org\/{rel}","templated":true}]}}