{"id":221135,"date":"2026-03-04T04:50:53","date_gmt":"2026-03-04T03:50:53","guid":{"rendered":"https:\/\/grupotextil.es\/producto\/cepillo-dental-stamina-fresh-9923\/"},"modified":"2026-03-04T06:15:53","modified_gmt":"2026-03-04T05:15:53","slug":"cepillo-dental-stamina-fresh-9923","status":"publish","type":"product","link":"https:\/\/grupotextil.es\/ca\/product\/cepillo-dental-stamina-fresh-9923\/","title":{"rendered":"Cepillo Dental Stamina Fresh 9923"},"content":{"rendered":"<p>Cepillo dental l\u00ednea ECO fabricado en bamb\u00fa, con cerdas de pl\u00e1stico blanco. Tipo de dureza suave. Bamb\u00fa sin aditivos BPA, 100% biodegradable.<\/p>","protected":false},"excerpt":{"rendered":"<p>Cepillo dental l\u00ednea ECO fabricado en bamb\u00fa, con cerdas de pl\u00e1stico blanco. Tipo de dureza suave. Bamb\u00fa sin aditivos BPA, 100% biodegradable.<\/p>","protected":false},"featured_media":221136,"comment_status":"open","ping_status":"closed","template":"","meta":{"_acf_changed":false},"product_brand":[14012],"product_cat":[13973],"product_tag":[],"class_list":{"0":"post-221135","1":"product","2":"type-product","3":"status-publish","4":"has-post-thumbnail","6":"product_brand-stamina","7":"product_cat-ropa","8":"tm-no-options","10":"first","11":"instock","12":"taxable","13":"shipping-taxable","14":"product-type-variable"},"acf":[],"_links":{"self":[{"href":"https:\/\/grupotextil.es\/ca\/wp-json\/wp\/v2\/product\/221135","targetHints":{"allow":["GET"]}}],"collection":[{"href":"https:\/\/grupotextil.es\/ca\/wp-json\/wp\/v2\/product"}],"about":[{"href":"https:\/\/grupotextil.es\/ca\/wp-json\/wp\/v2\/types\/product"}],"replies":[{"embeddable":true,"href":"https:\/\/grupotextil.es\/ca\/wp-json\/wp\/v2\/comments?post=221135"}],"wp:featuredmedia":[{"embeddable":true,"href":"https:\/\/grupotextil.es\/ca\/wp-json\/wp\/v2\/media\/221136"}],"wp:attachment":[{"href":"https:\/\/grupotextil.es\/ca\/wp-json\/wp\/v2\/media?parent=221135"}],"wp:term":[{"taxonomy":"product_brand","embeddable":true,"href":"https:\/\/grupotextil.es\/ca\/wp-json\/wp\/v2\/product_brand?post=221135"},{"taxonomy":"product_cat","embeddable":true,"href":"https:\/\/grupotextil.es\/ca\/wp-json\/wp\/v2\/product_cat?post=221135"},{"taxonomy":"product_tag","embeddable":true,"href":"https:\/\/grupotextil.es\/ca\/wp-json\/wp\/v2\/product_tag?post=221135"}],"curies":[{"name":"wp","href":"https:\/\/api.w.org\/{rel}","templated":true}]}}