{"id":221185,"date":"2026-03-04T04:51:56","date_gmt":"2026-03-04T03:51:56","guid":{"rendered":"https:\/\/grupotextil.es\/producto\/pelota-anti-estres-stamina-seyku-1228\/"},"modified":"2026-03-04T06:15:53","modified_gmt":"2026-03-04T05:15:53","slug":"pelota-anti-estres-stamina-seyku-1228","status":"publish","type":"product","link":"https:\/\/grupotextil.es\/ca\/product\/pelota-anti-estres-stamina-seyku-1228\/","title":{"rendered":"Pelota Anti-Estr\u00e9s Stamina Seyku 1228"},"content":{"rendered":"<p>Pelota anti-estr\u00e9s en color liso, elaborada en PU, con tacto suave y acabado brillante. Disponible en varios colores. Especialmente dise\u00f1ada para su manipulaci\u00f3n y para el marcaje de tu logo.<\/p>","protected":false},"excerpt":{"rendered":"<p>Pelota anti-estr\u00e9s en color liso, elaborada en PU, con tacto suave y acabado brillante. Disponible en varios colores. Especialmente dise\u00f1ada para su manipulaci\u00f3n y para el marcaje de tu logo.<\/p>","protected":false},"featured_media":221186,"comment_status":"open","ping_status":"closed","template":"","meta":{"_acf_changed":false},"product_brand":[14012],"product_cat":[13973],"product_tag":[],"class_list":{"0":"post-221185","1":"product","2":"type-product","3":"status-publish","4":"has-post-thumbnail","6":"product_brand-stamina","7":"product_cat-ropa","8":"tm-no-options","10":"first","11":"instock","12":"taxable","13":"shipping-taxable","14":"product-type-variable"},"acf":[],"_links":{"self":[{"href":"https:\/\/grupotextil.es\/ca\/wp-json\/wp\/v2\/product\/221185","targetHints":{"allow":["GET"]}}],"collection":[{"href":"https:\/\/grupotextil.es\/ca\/wp-json\/wp\/v2\/product"}],"about":[{"href":"https:\/\/grupotextil.es\/ca\/wp-json\/wp\/v2\/types\/product"}],"replies":[{"embeddable":true,"href":"https:\/\/grupotextil.es\/ca\/wp-json\/wp\/v2\/comments?post=221185"}],"wp:featuredmedia":[{"embeddable":true,"href":"https:\/\/grupotextil.es\/ca\/wp-json\/wp\/v2\/media\/221186"}],"wp:attachment":[{"href":"https:\/\/grupotextil.es\/ca\/wp-json\/wp\/v2\/media?parent=221185"}],"wp:term":[{"taxonomy":"product_brand","embeddable":true,"href":"https:\/\/grupotextil.es\/ca\/wp-json\/wp\/v2\/product_brand?post=221185"},{"taxonomy":"product_cat","embeddable":true,"href":"https:\/\/grupotextil.es\/ca\/wp-json\/wp\/v2\/product_cat?post=221185"},{"taxonomy":"product_tag","embeddable":true,"href":"https:\/\/grupotextil.es\/ca\/wp-json\/wp\/v2\/product_tag?post=221185"}],"curies":[{"name":"wp","href":"https:\/\/api.w.org\/{rel}","templated":true}]}}