{"id":221204,"date":"2026-03-04T04:52:20","date_gmt":"2026-03-04T03:52:20","guid":{"rendered":"https:\/\/grupotextil.es\/producto\/esterilla-stamina-chakra-7102\/"},"modified":"2026-03-04T06:15:53","modified_gmt":"2026-03-04T05:15:53","slug":"esterilla-stamina-chakra-7102","status":"publish","type":"product","link":"https:\/\/grupotextil.es\/ca\/product\/esterilla-stamina-chakra-7102\/","title":{"rendered":"Esterilla Stamina Chakra 7102"},"content":{"rendered":"<p>Ligera esterilla de yoga elaborada en PVC, resistente y adherente al suelo para la mejora de su funcionalidad. Una opci\u00f3n vers\u00e1til en su uso y f\u00e1cil de transportar gracias a su cinta de ajuste y bolsa de guardado individual.<\/p>","protected":false},"excerpt":{"rendered":"<p>Ligera esterilla de yoga elaborada en PVC, resistente y adherente al suelo para la mejora de su funcionalidad. Una opci\u00f3n vers\u00e1til en su uso y f\u00e1cil de transportar gracias a su cinta de ajuste y bolsa de guardado individual.<\/p>","protected":false},"featured_media":221205,"comment_status":"open","ping_status":"closed","template":"","meta":{"_acf_changed":false},"product_brand":[14012],"product_cat":[13973],"product_tag":[],"class_list":{"0":"post-221204","1":"product","2":"type-product","3":"status-publish","4":"has-post-thumbnail","6":"product_brand-stamina","7":"product_cat-ropa","8":"tm-no-options","10":"first","11":"instock","12":"taxable","13":"shipping-taxable","14":"product-type-variable"},"acf":[],"_links":{"self":[{"href":"https:\/\/grupotextil.es\/ca\/wp-json\/wp\/v2\/product\/221204","targetHints":{"allow":["GET"]}}],"collection":[{"href":"https:\/\/grupotextil.es\/ca\/wp-json\/wp\/v2\/product"}],"about":[{"href":"https:\/\/grupotextil.es\/ca\/wp-json\/wp\/v2\/types\/product"}],"replies":[{"embeddable":true,"href":"https:\/\/grupotextil.es\/ca\/wp-json\/wp\/v2\/comments?post=221204"}],"wp:featuredmedia":[{"embeddable":true,"href":"https:\/\/grupotextil.es\/ca\/wp-json\/wp\/v2\/media\/221205"}],"wp:attachment":[{"href":"https:\/\/grupotextil.es\/ca\/wp-json\/wp\/v2\/media?parent=221204"}],"wp:term":[{"taxonomy":"product_brand","embeddable":true,"href":"https:\/\/grupotextil.es\/ca\/wp-json\/wp\/v2\/product_brand?post=221204"},{"taxonomy":"product_cat","embeddable":true,"href":"https:\/\/grupotextil.es\/ca\/wp-json\/wp\/v2\/product_cat?post=221204"},{"taxonomy":"product_tag","embeddable":true,"href":"https:\/\/grupotextil.es\/ca\/wp-json\/wp\/v2\/product_tag?post=221204"}],"curies":[{"name":"wp","href":"https:\/\/api.w.org\/{rel}","templated":true}]}}