{"id":221224,"date":"2026-03-04T04:52:47","date_gmt":"2026-03-04T03:52:47","guid":{"rendered":"https:\/\/grupotextil.es\/producto\/calcetin-navideno-stamina-noel-1301\/"},"modified":"2026-03-04T06:15:54","modified_gmt":"2026-03-04T05:15:54","slug":"calcetin-navideno-stamina-noel-1301","status":"publish","type":"product","link":"https:\/\/grupotextil.es\/ca\/product\/calcetin-navideno-stamina-noel-1301\/","title":{"rendered":"Calcet\u00edn Navide\u00f1o Stamina Noel 1301"},"content":{"rendered":"<p>Calcet\u00edn navide\u00f1o con tira en color rojo para colgar. De color rojo con banda blanca, especialmente dise\u00f1ada para el marcaje. Una opci\u00f3n ideal para rellenar con regalos.<\/p>","protected":false},"excerpt":{"rendered":"<p>Calcet\u00edn navide\u00f1o con tira en color rojo para colgar. De color rojo con banda blanca, especialmente dise\u00f1ada para el marcaje. Una opci\u00f3n ideal para rellenar con regalos.<\/p>","protected":false},"featured_media":221225,"comment_status":"open","ping_status":"closed","template":"","meta":{"_acf_changed":false},"product_brand":[14012],"product_cat":[13973],"product_tag":[],"class_list":{"0":"post-221224","1":"product","2":"type-product","3":"status-publish","4":"has-post-thumbnail","6":"product_brand-stamina","7":"product_cat-ropa","8":"tm-no-options","10":"first","11":"instock","12":"taxable","13":"shipping-taxable","14":"product-type-variable"},"acf":[],"_links":{"self":[{"href":"https:\/\/grupotextil.es\/ca\/wp-json\/wp\/v2\/product\/221224","targetHints":{"allow":["GET"]}}],"collection":[{"href":"https:\/\/grupotextil.es\/ca\/wp-json\/wp\/v2\/product"}],"about":[{"href":"https:\/\/grupotextil.es\/ca\/wp-json\/wp\/v2\/types\/product"}],"replies":[{"embeddable":true,"href":"https:\/\/grupotextil.es\/ca\/wp-json\/wp\/v2\/comments?post=221224"}],"wp:featuredmedia":[{"embeddable":true,"href":"https:\/\/grupotextil.es\/ca\/wp-json\/wp\/v2\/media\/221225"}],"wp:attachment":[{"href":"https:\/\/grupotextil.es\/ca\/wp-json\/wp\/v2\/media?parent=221224"}],"wp:term":[{"taxonomy":"product_brand","embeddable":true,"href":"https:\/\/grupotextil.es\/ca\/wp-json\/wp\/v2\/product_brand?post=221224"},{"taxonomy":"product_cat","embeddable":true,"href":"https:\/\/grupotextil.es\/ca\/wp-json\/wp\/v2\/product_cat?post=221224"},{"taxonomy":"product_tag","embeddable":true,"href":"https:\/\/grupotextil.es\/ca\/wp-json\/wp\/v2\/product_tag?post=221224"}],"curies":[{"name":"wp","href":"https:\/\/api.w.org\/{rel}","templated":true}]}}