{"id":221242,"date":"2026-03-04T04:53:16","date_gmt":"2026-03-04T03:53:16","guid":{"rendered":"https:\/\/grupotextil.es\/producto\/lapiz-con-goma-de-diseno-navideno-stamina-nuss-1303\/"},"modified":"2026-03-04T06:15:54","modified_gmt":"2026-03-04T05:15:54","slug":"lapiz-con-goma-de-diseno-navideno-stamina-nuss-1303","status":"publish","type":"product","link":"https:\/\/grupotextil.es\/ca\/product\/lapiz-con-goma-de-diseno-navideno-stamina-nuss-1303\/","title":{"rendered":"L\u00e1piz con Goma de Dise\u00f1o Navide\u00f1o Stamina Nuss 1303"},"content":{"rendered":"<p>L\u00e1piz de madera blanco y redondo con goma disponible en tres dise\u00f1os navide\u00f1os: \u00e1rbol, Pap\u00e1 Noel y mu\u00f1eco de nieve.<\/p>","protected":false},"excerpt":{"rendered":"<p>L\u00e1piz de madera blanco y redondo con goma disponible en tres dise\u00f1os navide\u00f1os: \u00e1rbol, Pap\u00e1 Noel y mu\u00f1eco de nieve.<\/p>","protected":false},"featured_media":221243,"comment_status":"open","ping_status":"closed","template":"","meta":{"_acf_changed":false},"product_brand":[14012],"product_cat":[14006,13972],"product_tag":[],"class_list":{"0":"post-221242","1":"product","2":"type-product","3":"status-publish","4":"has-post-thumbnail","6":"product_brand-stamina","7":"product_cat-acc-merchandising","8":"product_cat-oficina-y-escritura","9":"tm-no-options","11":"first","12":"instock","13":"taxable","14":"shipping-taxable","15":"product-type-variable"},"acf":[],"_links":{"self":[{"href":"https:\/\/grupotextil.es\/ca\/wp-json\/wp\/v2\/product\/221242","targetHints":{"allow":["GET"]}}],"collection":[{"href":"https:\/\/grupotextil.es\/ca\/wp-json\/wp\/v2\/product"}],"about":[{"href":"https:\/\/grupotextil.es\/ca\/wp-json\/wp\/v2\/types\/product"}],"replies":[{"embeddable":true,"href":"https:\/\/grupotextil.es\/ca\/wp-json\/wp\/v2\/comments?post=221242"}],"wp:featuredmedia":[{"embeddable":true,"href":"https:\/\/grupotextil.es\/ca\/wp-json\/wp\/v2\/media\/221243"}],"wp:attachment":[{"href":"https:\/\/grupotextil.es\/ca\/wp-json\/wp\/v2\/media?parent=221242"}],"wp:term":[{"taxonomy":"product_brand","embeddable":true,"href":"https:\/\/grupotextil.es\/ca\/wp-json\/wp\/v2\/product_brand?post=221242"},{"taxonomy":"product_cat","embeddable":true,"href":"https:\/\/grupotextil.es\/ca\/wp-json\/wp\/v2\/product_cat?post=221242"},{"taxonomy":"product_tag","embeddable":true,"href":"https:\/\/grupotextil.es\/ca\/wp-json\/wp\/v2\/product_tag?post=221242"}],"curies":[{"name":"wp","href":"https:\/\/api.w.org\/{rel}","templated":true}]}}