{"id":221269,"date":"2026-03-04T04:54:01","date_gmt":"2026-03-04T03:54:01","guid":{"rendered":"https:\/\/grupotextil.es\/producto\/auriculares-inalambricos-bluetooth-5-0-stamina-funk-3307\/"},"modified":"2026-03-04T06:15:54","modified_gmt":"2026-03-04T05:15:54","slug":"auriculares-inalambricos-bluetooth-5-0-stamina-funk-3307","status":"publish","type":"product","link":"https:\/\/grupotextil.es\/ca\/product\/auriculares-inalambricos-bluetooth-5-0-stamina-funk-3307\/","title":{"rendered":"Auriculares Inal\u00e1mbricos Bluetooth 5.0 Stamina Funk 3307"},"content":{"rendered":"<p>Auriculares inal\u00e1mbricos recargables en estuche con pantalla digital. Conexi\u00f3n mediante Bluetooth. Cuenta con control de reproducci\u00f3n de audio, con funciones de control de volumen y pistas y funci\u00f3n manos libres con bot\u00f3n multifunci\u00f3n en ambos auriculares para responder y rechazar llamadas. La pantalla digital cuenta con indicador de bater\u00eda del estuche.<\/p>","protected":false},"excerpt":{"rendered":"<p>Auriculares inal\u00e1mbricos recargables en estuche con pantalla digital. Conexi\u00f3n mediante Bluetooth. Cuenta con control de reproducci\u00f3n de audio, con funciones de control de volumen y pistas y funci\u00f3n manos libres con bot\u00f3n multifunci\u00f3n en ambos auriculares para responder y rechazar llamadas. La pantalla digital cuenta con indicador de bater\u00eda del estuche.<\/p>","protected":false},"featured_media":221270,"comment_status":"open","ping_status":"closed","template":"","meta":{"_acf_changed":false},"product_brand":[14012],"product_cat":[14006,13959],"product_tag":[],"class_list":{"0":"post-221269","1":"product","2":"type-product","3":"status-publish","4":"has-post-thumbnail","6":"product_brand-stamina","7":"product_cat-acc-merchandising","8":"product_cat-mr-tecnologia","9":"tm-no-options","11":"first","12":"instock","13":"taxable","14":"shipping-taxable","15":"product-type-variable"},"acf":[],"_links":{"self":[{"href":"https:\/\/grupotextil.es\/ca\/wp-json\/wp\/v2\/product\/221269","targetHints":{"allow":["GET"]}}],"collection":[{"href":"https:\/\/grupotextil.es\/ca\/wp-json\/wp\/v2\/product"}],"about":[{"href":"https:\/\/grupotextil.es\/ca\/wp-json\/wp\/v2\/types\/product"}],"replies":[{"embeddable":true,"href":"https:\/\/grupotextil.es\/ca\/wp-json\/wp\/v2\/comments?post=221269"}],"wp:featuredmedia":[{"embeddable":true,"href":"https:\/\/grupotextil.es\/ca\/wp-json\/wp\/v2\/media\/221270"}],"wp:attachment":[{"href":"https:\/\/grupotextil.es\/ca\/wp-json\/wp\/v2\/media?parent=221269"}],"wp:term":[{"taxonomy":"product_brand","embeddable":true,"href":"https:\/\/grupotextil.es\/ca\/wp-json\/wp\/v2\/product_brand?post=221269"},{"taxonomy":"product_cat","embeddable":true,"href":"https:\/\/grupotextil.es\/ca\/wp-json\/wp\/v2\/product_cat?post=221269"},{"taxonomy":"product_tag","embeddable":true,"href":"https:\/\/grupotextil.es\/ca\/wp-json\/wp\/v2\/product_tag?post=221269"}],"curies":[{"name":"wp","href":"https:\/\/api.w.org\/{rel}","templated":true}]}}