{"id":221451,"date":"2026-03-04T04:58:22","date_gmt":"2026-03-04T03:58:22","guid":{"rendered":"https:\/\/grupotextil.es\/producto\/adorno-navideno-stamina-jingle-1305\/"},"modified":"2026-03-04T06:15:56","modified_gmt":"2026-03-04T05:15:56","slug":"adorno-navideno-stamina-jingle-1305","status":"publish","type":"product","link":"https:\/\/grupotextil.es\/ca\/product\/adorno-navideno-stamina-jingle-1305\/","title":{"rendered":"Adorno Navide\u00f1o Stamina Jingle 1305"},"content":{"rendered":"<p>Adorno navide\u00f1o de madera disponible en cuatro dise\u00f1os: estrella, \u00e1rbol, copo de nieve y bola. Incluye cinta roja para colgar en el \u00e1rbol de Navidad.<\/p>","protected":false},"excerpt":{"rendered":"<p>Adorno navide\u00f1o de madera disponible en cuatro dise\u00f1os: estrella, \u00e1rbol, copo de nieve y bola. Incluye cinta roja para colgar en el \u00e1rbol de Navidad.<\/p>","protected":false},"featured_media":221452,"comment_status":"open","ping_status":"closed","template":"","meta":{"_acf_changed":false},"product_brand":[14012],"product_cat":[13973],"product_tag":[],"class_list":{"0":"post-221451","1":"product","2":"type-product","3":"status-publish","4":"has-post-thumbnail","6":"product_brand-stamina","7":"product_cat-ropa","8":"tm-no-options","10":"first","11":"instock","12":"taxable","13":"shipping-taxable","14":"product-type-variable"},"acf":[],"_links":{"self":[{"href":"https:\/\/grupotextil.es\/ca\/wp-json\/wp\/v2\/product\/221451","targetHints":{"allow":["GET"]}}],"collection":[{"href":"https:\/\/grupotextil.es\/ca\/wp-json\/wp\/v2\/product"}],"about":[{"href":"https:\/\/grupotextil.es\/ca\/wp-json\/wp\/v2\/types\/product"}],"replies":[{"embeddable":true,"href":"https:\/\/grupotextil.es\/ca\/wp-json\/wp\/v2\/comments?post=221451"}],"wp:featuredmedia":[{"embeddable":true,"href":"https:\/\/grupotextil.es\/ca\/wp-json\/wp\/v2\/media\/221452"}],"wp:attachment":[{"href":"https:\/\/grupotextil.es\/ca\/wp-json\/wp\/v2\/media?parent=221451"}],"wp:term":[{"taxonomy":"product_brand","embeddable":true,"href":"https:\/\/grupotextil.es\/ca\/wp-json\/wp\/v2\/product_brand?post=221451"},{"taxonomy":"product_cat","embeddable":true,"href":"https:\/\/grupotextil.es\/ca\/wp-json\/wp\/v2\/product_cat?post=221451"},{"taxonomy":"product_tag","embeddable":true,"href":"https:\/\/grupotextil.es\/ca\/wp-json\/wp\/v2\/product_tag?post=221451"}],"curies":[{"name":"wp","href":"https:\/\/api.w.org\/{rel}","templated":true}]}}