{"id":221479,"date":"2026-03-04T04:59:00","date_gmt":"2026-03-04T03:59:00","guid":{"rendered":"https:\/\/grupotextil.es\/producto\/outlet-bolsa-plegable-stamina-focha-7523\/"},"modified":"2026-03-04T06:15:56","modified_gmt":"2026-03-04T05:15:56","slug":"outlet-bolsa-plegable-stamina-focha-7523","status":"publish","type":"product","link":"https:\/\/grupotextil.es\/ca\/product\/outlet-bolsa-plegable-stamina-focha-7523\/","title":{"rendered":"*OUTLET* Bolsa Plegable Stamina Focha 7523"},"content":{"rendered":"<p><strong>BOLSAS SAND\u00cdA, KIWI Y PI\u00d1A SE DESCATALOGAR\u00c1N EN 2025<\/strong> \u2013 Bolsa de la compra plegable en suave poli\u00e9ster 190T. Variados dise\u00f1os de frutas con cord\u00f3n ajustable para cierre.<\/p>","protected":false},"excerpt":{"rendered":"<p><strong>BOLSAS SAND\u00cdA, KIWI Y PI\u00d1A SE DESCATALOGAR\u00c1N EN 2025<\/strong> \u2013 Bolsa de la compra plegable en suave poli\u00e9ster 190T. Variados dise\u00f1os de frutas con cord\u00f3n ajustable para cierre.<\/p>","protected":false},"featured_media":221480,"comment_status":"open","ping_status":"closed","template":"","meta":{"_acf_changed":false},"product_brand":[14012],"product_cat":[13973],"product_tag":[],"class_list":{"0":"post-221479","1":"product","2":"type-product","3":"status-publish","4":"has-post-thumbnail","6":"product_brand-stamina","7":"product_cat-ropa","8":"tm-no-options","10":"first","11":"instock","12":"taxable","13":"shipping-taxable","14":"product-type-variable"},"acf":[],"_links":{"self":[{"href":"https:\/\/grupotextil.es\/ca\/wp-json\/wp\/v2\/product\/221479","targetHints":{"allow":["GET"]}}],"collection":[{"href":"https:\/\/grupotextil.es\/ca\/wp-json\/wp\/v2\/product"}],"about":[{"href":"https:\/\/grupotextil.es\/ca\/wp-json\/wp\/v2\/types\/product"}],"replies":[{"embeddable":true,"href":"https:\/\/grupotextil.es\/ca\/wp-json\/wp\/v2\/comments?post=221479"}],"wp:featuredmedia":[{"embeddable":true,"href":"https:\/\/grupotextil.es\/ca\/wp-json\/wp\/v2\/media\/221480"}],"wp:attachment":[{"href":"https:\/\/grupotextil.es\/ca\/wp-json\/wp\/v2\/media?parent=221479"}],"wp:term":[{"taxonomy":"product_brand","embeddable":true,"href":"https:\/\/grupotextil.es\/ca\/wp-json\/wp\/v2\/product_brand?post=221479"},{"taxonomy":"product_cat","embeddable":true,"href":"https:\/\/grupotextil.es\/ca\/wp-json\/wp\/v2\/product_cat?post=221479"},{"taxonomy":"product_tag","embeddable":true,"href":"https:\/\/grupotextil.es\/ca\/wp-json\/wp\/v2\/product_tag?post=221479"}],"curies":[{"name":"wp","href":"https:\/\/api.w.org\/{rel}","templated":true}]}}