{"id":221794,"date":"2026-03-04T05:06:05","date_gmt":"2026-03-04T04:06:05","guid":{"rendered":"https:\/\/grupotextil.es\/producto\/cargador-inalambrico-stamina-lander-3003\/"},"modified":"2026-03-04T06:15:59","modified_gmt":"2026-03-04T05:15:59","slug":"cargador-inalambrico-stamina-lander-3003","status":"publish","type":"product","link":"https:\/\/grupotextil.es\/ca\/product\/cargador-inalambrico-stamina-lander-3003\/","title":{"rendered":"Cargador Inal\u00e1mbrico Stamina Lander 3003"},"content":{"rendered":"<p>Cargador inal\u00e1mbrico elaborado en ABS. Con potencia de 5W. Cuenta con anillo antideslizante. Conecte el dispositivo, coloque su smartphone sobre \u00e9l y d\u00e9jelo cargar. Compatible con modelos con tecnolog\u00eda de carga inal\u00e1mbrica. Cable de conexi\u00f3n Tipo C incluido.<\/p>","protected":false},"excerpt":{"rendered":"<p>Cargador inal\u00e1mbrico elaborado en ABS. Con potencia de 5W. Cuenta con anillo antideslizante. Conecte el dispositivo, coloque su smartphone sobre \u00e9l y d\u00e9jelo cargar. Compatible con modelos con tecnolog\u00eda de carga inal\u00e1mbrica. Cable de conexi\u00f3n Tipo C incluido.<\/p>","protected":false},"featured_media":221795,"comment_status":"open","ping_status":"closed","template":"","meta":{"_acf_changed":false},"product_brand":[14012],"product_cat":[14006,13959],"product_tag":[],"class_list":{"0":"post-221794","1":"product","2":"type-product","3":"status-publish","4":"has-post-thumbnail","6":"product_brand-stamina","7":"product_cat-acc-merchandising","8":"product_cat-mr-tecnologia","9":"tm-no-options","11":"first","12":"instock","13":"taxable","14":"shipping-taxable","15":"product-type-variable"},"acf":[],"_links":{"self":[{"href":"https:\/\/grupotextil.es\/ca\/wp-json\/wp\/v2\/product\/221794","targetHints":{"allow":["GET"]}}],"collection":[{"href":"https:\/\/grupotextil.es\/ca\/wp-json\/wp\/v2\/product"}],"about":[{"href":"https:\/\/grupotextil.es\/ca\/wp-json\/wp\/v2\/types\/product"}],"replies":[{"embeddable":true,"href":"https:\/\/grupotextil.es\/ca\/wp-json\/wp\/v2\/comments?post=221794"}],"wp:featuredmedia":[{"embeddable":true,"href":"https:\/\/grupotextil.es\/ca\/wp-json\/wp\/v2\/media\/221795"}],"wp:attachment":[{"href":"https:\/\/grupotextil.es\/ca\/wp-json\/wp\/v2\/media?parent=221794"}],"wp:term":[{"taxonomy":"product_brand","embeddable":true,"href":"https:\/\/grupotextil.es\/ca\/wp-json\/wp\/v2\/product_brand?post=221794"},{"taxonomy":"product_cat","embeddable":true,"href":"https:\/\/grupotextil.es\/ca\/wp-json\/wp\/v2\/product_cat?post=221794"},{"taxonomy":"product_tag","embeddable":true,"href":"https:\/\/grupotextil.es\/ca\/wp-json\/wp\/v2\/product_tag?post=221794"}],"curies":[{"name":"wp","href":"https:\/\/api.w.org\/{rel}","templated":true}]}}