{"id":221842,"date":"2026-03-04T05:38:40","date_gmt":"2026-03-04T04:38:40","guid":{"rendered":"https:\/\/grupotextil.es\/producto\/outlet-cortavientos-roly-glasgow-woman-5051-mujer\/"},"modified":"2026-03-04T06:16:03","modified_gmt":"2026-03-04T05:16:03","slug":"outlet-cortavientos-roly-glasgow-woman-5051-mujer","status":"publish","type":"product","link":"https:\/\/grupotextil.es\/ca\/product\/outlet-cortavientos-roly-glasgow-woman-5051-mujer\/","title":{"rendered":"*OUTLET* Cortavientos Roly Glasgow Woman 5051 Mujer"},"content":{"rendered":"<p><strong>PRODUCTO QUE SE DESCATALOGAR\u00c1 CUANDO SE AGOTEN LAS EXISTENCIAS \u2013<\/strong> Chaqueta cortavientos en tejido t\u00e9cnico ligero. Interior de cuello forrado en tejido transpirable con cubrecosturas. Cremallera invertida con detalle reflectante, protector de barbilla y tirador. Corte de mangas rangl\u00e1n. Tejido transpirable en la parte de las sisas. Bolsillos delanteros con cremalleras. Corte entallado. Bolsillo interior para guardar la prenda. Pu\u00f1os con ribete el\u00e1stico. Detalles reflectantes en espalda. Bajo con espalda ligeramente m\u00e1s larga.<\/p>","protected":false},"excerpt":{"rendered":"<p><strong>PRODUCTO QUE SE DESCATALOGAR\u00c1 CUANDO SE AGOTEN LAS EXISTENCIAS \u2013<\/strong> Chaqueta cortavientos en tejido t\u00e9cnico ligero. Interior de cuello forrado en tejido transpirable con cubrecosturas. Cremallera invertida con detalle reflectante, protector de barbilla y tirador. Corte de mangas rangl\u00e1n. Tejido transpirable en la parte de las sisas. Bolsillos delanteros con cremalleras. Corte entallado. Bolsillo interior para guardar la prenda. Pu\u00f1os con ribete el\u00e1stico. Detalles reflectantes en espalda. Bajo con espalda ligeramente m\u00e1s larga.<\/p>","protected":false},"featured_media":221843,"comment_status":"open","ping_status":"closed","template":"","meta":{"_acf_changed":false},"product_brand":[14011],"product_cat":[13975,13973],"product_tag":[],"class_list":{"0":"post-221842","1":"product","2":"type-product","3":"status-publish","4":"has-post-thumbnail","6":"product_brand-roly","7":"product_cat-ropa-mujer","8":"product_cat-ropa","9":"tm-no-options","11":"first","12":"instock","13":"taxable","14":"shipping-taxable","15":"product-type-variable"},"acf":[],"_links":{"self":[{"href":"https:\/\/grupotextil.es\/ca\/wp-json\/wp\/v2\/product\/221842","targetHints":{"allow":["GET"]}}],"collection":[{"href":"https:\/\/grupotextil.es\/ca\/wp-json\/wp\/v2\/product"}],"about":[{"href":"https:\/\/grupotextil.es\/ca\/wp-json\/wp\/v2\/types\/product"}],"replies":[{"embeddable":true,"href":"https:\/\/grupotextil.es\/ca\/wp-json\/wp\/v2\/comments?post=221842"}],"wp:featuredmedia":[{"embeddable":true,"href":"https:\/\/grupotextil.es\/ca\/wp-json\/wp\/v2\/media\/221843"}],"wp:attachment":[{"href":"https:\/\/grupotextil.es\/ca\/wp-json\/wp\/v2\/media?parent=221842"}],"wp:term":[{"taxonomy":"product_brand","embeddable":true,"href":"https:\/\/grupotextil.es\/ca\/wp-json\/wp\/v2\/product_brand?post=221842"},{"taxonomy":"product_cat","embeddable":true,"href":"https:\/\/grupotextil.es\/ca\/wp-json\/wp\/v2\/product_cat?post=221842"},{"taxonomy":"product_tag","embeddable":true,"href":"https:\/\/grupotextil.es\/ca\/wp-json\/wp\/v2\/product_tag?post=221842"}],"curies":[{"name":"wp","href":"https:\/\/api.w.org\/{rel}","templated":true}]}}