{"id":222216,"date":"2026-03-04T05:42:52","date_gmt":"2026-03-04T04:42:52","guid":{"rendered":"https:\/\/grupotextil.es\/producto\/outlet-camiseta-roly-avus-6658-mujer\/"},"modified":"2026-03-04T06:16:04","modified_gmt":"2026-03-04T05:16:04","slug":"outlet-camiseta-roly-avus-6658-mujer","status":"publish","type":"product","link":"https:\/\/grupotextil.es\/ca\/product\/outlet-camiseta-roly-avus-6658-mujer\/","title":{"rendered":"*OUTLET* Camiseta Roly Avus 6658 Mujer"},"content":{"rendered":"<p>Camiseta multideporte de mujer manga corta estilo manga ragl\u00e1n. Cuello pico. Tejido poli\u00e9ster con tacto algod\u00f3n. Corte entallado.<\/p>","protected":false},"excerpt":{"rendered":"<p>Camiseta multideporte de mujer manga corta estilo manga ragl\u00e1n. Cuello pico. Tejido poli\u00e9ster con tacto algod\u00f3n. Corte entallado.<\/p>","protected":false},"featured_media":222218,"comment_status":"open","ping_status":"closed","template":"","meta":{"_acf_changed":false},"product_brand":[14011],"product_cat":[13974,13975,13973],"product_tag":[],"class_list":{"0":"post-222216","1":"product","2":"type-product","3":"status-publish","4":"has-post-thumbnail","6":"product_brand-roly","7":"product_cat-ropa-hombre","8":"product_cat-ropa-mujer","9":"product_cat-ropa","10":"tm-no-options","12":"first","13":"instock","14":"taxable","15":"shipping-taxable","16":"product-type-variable"},"acf":[],"_links":{"self":[{"href":"https:\/\/grupotextil.es\/ca\/wp-json\/wp\/v2\/product\/222216","targetHints":{"allow":["GET"]}}],"collection":[{"href":"https:\/\/grupotextil.es\/ca\/wp-json\/wp\/v2\/product"}],"about":[{"href":"https:\/\/grupotextil.es\/ca\/wp-json\/wp\/v2\/types\/product"}],"replies":[{"embeddable":true,"href":"https:\/\/grupotextil.es\/ca\/wp-json\/wp\/v2\/comments?post=222216"}],"wp:featuredmedia":[{"embeddable":true,"href":"https:\/\/grupotextil.es\/ca\/wp-json\/wp\/v2\/media\/222218"}],"wp:attachment":[{"href":"https:\/\/grupotextil.es\/ca\/wp-json\/wp\/v2\/media?parent=222216"}],"wp:term":[{"taxonomy":"product_brand","embeddable":true,"href":"https:\/\/grupotextil.es\/ca\/wp-json\/wp\/v2\/product_brand?post=222216"},{"taxonomy":"product_cat","embeddable":true,"href":"https:\/\/grupotextil.es\/ca\/wp-json\/wp\/v2\/product_cat?post=222216"},{"taxonomy":"product_tag","embeddable":true,"href":"https:\/\/grupotextil.es\/ca\/wp-json\/wp\/v2\/product_tag?post=222216"}],"curies":[{"name":"wp","href":"https:\/\/api.w.org\/{rel}","templated":true}]}}