{"id":222332,"date":"2026-03-04T05:44:27","date_gmt":"2026-03-04T04:44:27","guid":{"rendered":"https:\/\/grupotextil.es\/producto\/outlet-sudadera-roly-veleta-6425-mujer\/"},"modified":"2026-03-04T06:16:04","modified_gmt":"2026-03-04T05:16:04","slug":"outlet-sudadera-roly-veleta-6425-mujer","status":"publish","type":"product","link":"https:\/\/grupotextil.es\/ca\/product\/outlet-sudadera-roly-veleta-6425-mujer\/","title":{"rendered":"*OUTLET* Sudadera Roly Veleta 6425 Mujer"},"content":{"rendered":"<p>Sudadera de mujer con capucha forrada a tono. Cremallera met\u00e1lica frontal y bolsillo estilo canguro. Cubre costuras reforzado en el cuello interior. Punto canal\u00e9 2\u00d72 en pu\u00f1os y cintura. Corte entallado.<\/p>","protected":false},"excerpt":{"rendered":"<p>Sudadera de mujer con capucha forrada a tono. Cremallera met\u00e1lica frontal y bolsillo estilo canguro. Cubre costuras reforzado en el cuello interior. Punto canal\u00e9 2\u00d72 en pu\u00f1os y cintura. Corte entallado.<\/p>","protected":false},"featured_media":222333,"comment_status":"open","ping_status":"closed","template":"","meta":{"_acf_changed":false},"product_brand":[14011],"product_cat":[13974,13975,13973],"product_tag":[],"class_list":{"0":"post-222332","1":"product","2":"type-product","3":"status-publish","4":"has-post-thumbnail","6":"product_brand-roly","7":"product_cat-ropa-hombre","8":"product_cat-ropa-mujer","9":"product_cat-ropa","10":"tm-no-options","12":"first","13":"instock","14":"taxable","15":"shipping-taxable","16":"product-type-variable"},"acf":[],"_links":{"self":[{"href":"https:\/\/grupotextil.es\/ca\/wp-json\/wp\/v2\/product\/222332","targetHints":{"allow":["GET"]}}],"collection":[{"href":"https:\/\/grupotextil.es\/ca\/wp-json\/wp\/v2\/product"}],"about":[{"href":"https:\/\/grupotextil.es\/ca\/wp-json\/wp\/v2\/types\/product"}],"replies":[{"embeddable":true,"href":"https:\/\/grupotextil.es\/ca\/wp-json\/wp\/v2\/comments?post=222332"}],"wp:featuredmedia":[{"embeddable":true,"href":"https:\/\/grupotextil.es\/ca\/wp-json\/wp\/v2\/media\/222333"}],"wp:attachment":[{"href":"https:\/\/grupotextil.es\/ca\/wp-json\/wp\/v2\/media?parent=222332"}],"wp:term":[{"taxonomy":"product_brand","embeddable":true,"href":"https:\/\/grupotextil.es\/ca\/wp-json\/wp\/v2\/product_brand?post=222332"},{"taxonomy":"product_cat","embeddable":true,"href":"https:\/\/grupotextil.es\/ca\/wp-json\/wp\/v2\/product_cat?post=222332"},{"taxonomy":"product_tag","embeddable":true,"href":"https:\/\/grupotextil.es\/ca\/wp-json\/wp\/v2\/product_tag?post=222332"}],"curies":[{"name":"wp","href":"https:\/\/api.w.org\/{rel}","templated":true}]}}